{"id":1776,"date":"2024-03-06T13:35:12","date_gmt":"2024-03-06T13:35:12","guid":{"rendered":"https:\/\/flatpower.tech\/flatpower\/"},"modified":"2025-11-06T15:29:45","modified_gmt":"2025-11-06T15:29:45","slug":"flatpower","status":"publish","type":"page","link":"https:\/\/flatpower.tech\/de\/","title":{"rendered":"FlatPower"},"content":{"rendered":"\t\t<div data-elementor-type=\"wp-page\" data-elementor-id=\"1776\" class=\"elementor elementor-1776 elementor-11\" data-elementor-post-type=\"page\">\n\t\t\t\t<div class=\"elementor-element elementor-element-ce66967 e-con-full e-flex e-con e-parent\" data-id=\"ce66967\" data-element_type=\"container\" data-e-type=\"container\" data-settings=\"{&quot;background_background&quot;:&quot;video&quot;,&quot;background_video_link&quot;:&quot;https:\\\/\\\/vimeo.com\\\/1132140202?share=copy&amp;fl=sv&amp;fe=ci&quot;,&quot;background_play_on_mobile&quot;:&quot;yes&quot;,&quot;background_privacy_mode&quot;:&quot;yes&quot;,&quot;background_video_start&quot;:0}\">\n\t\t<div class=\"elementor-background-video-container\">\n\t\t\t\t\t\t\t<div class=\"elementor-background-video-embed\" role=\"presentation\"><\/div>\n\t\t\t\t\t\t<\/div><div class=\"elementor-element elementor-element-af3c917 e-flex e-con-boxed e-con e-child\" data-id=\"af3c917\" data-element_type=\"container\" data-e-type=\"container\">\n\t\t\t\t\t<div class=\"e-con-inner\">\n\t\t\t\t<div class=\"elementor-element elementor-element-c9bdb28 elementor-invisible elementor-widget elementor-widget-heading\" data-id=\"c9bdb28\" data-element_type=\"widget\" data-e-type=\"widget\" data-settings=\"{&quot;_animation&quot;:&quot;fadeIn&quot;}\" data-widget_type=\"heading.default\">\n\t\t\t\t<div class=\"elementor-widget-container\">\n\t\t\t\t\t<h1 class=\"elementor-heading-title elementor-size-default\"><b>FlatPower-Ladekabel: \n<\/b><br>Innovation im<br>Elektrischen laden <br><\/h1>\t\t\t\t<\/div>\n\t\t\t\t<\/div>\n\t\t\t\t<div class=\"elementor-element elementor-element-e05e350 elementor-widget elementor-widget-global elementor-global-1849 elementor-global-86 elementor-widget-button\" data-id=\"e05e350\" data-element_type=\"widget\" data-e-type=\"widget\" data-widget_type=\"button.default\">\n\t\t\t\t<div class=\"elementor-widget-container\">\n\t\t\t\t\t\t\t\t\t<div class=\"elementor-button-wrapper\">\n\t\t\t\t\t<a class=\"elementor-button elementor-button-link elementor-size-sm\" href=\"https:\/\/flatpower.tech\/de\/produkt\/flatpower-ladekabel\/\">\n\t\t\t\t\t\t<span class=\"elementor-button-content-wrapper\">\n\t\t\t\t\t\t\t\t\t<span class=\"elementor-button-text\">BESTELLEN<\/span>\n\t\t\t\t\t<\/span>\n\t\t\t\t\t<\/a>\n\t\t\t\t<\/div>\n\t\t\t\t\t\t\t\t<\/div>\n\t\t\t\t<\/div>\n\t\t\t\t\t<\/div>\n\t\t\t\t<\/div>\n\t\t\t\t<\/div>\n\t\t<div class=\"elementor-element elementor-element-2f0f6c0 e-flex e-con-boxed e-con e-parent\" data-id=\"2f0f6c0\" data-element_type=\"container\" data-e-type=\"container\" data-settings=\"{&quot;background_background&quot;:&quot;classic&quot;}\">\n\t\t\t\t\t<div class=\"e-con-inner\">\n\t\t\t\t<div class=\"elementor-element elementor-element-51d8f8c elementor-widget elementor-widget-heading\" data-id=\"51d8f8c\" data-element_type=\"widget\" data-e-type=\"widget\" data-widget_type=\"heading.default\">\n\t\t\t\t<div class=\"elementor-widget-container\">\n\t\t\t\t\t<h2 class=\"elementor-heading-title elementor-size-default\">Ein sicheres <B>flaches Ladekabel<\/h2>\t\t\t\t<\/div>\n\t\t\t\t<\/div>\n\t\t\t\t<div class=\"elementor-element elementor-element-f4eb6ee elementor-widget elementor-widget-text-editor\" data-id=\"f4eb6ee\" data-element_type=\"widget\" data-e-type=\"widget\" data-widget_type=\"text-editor.default\">\n\t\t\t\t<div class=\"elementor-widget-container\">\n\t\t\t\t\t\t\t\t\t<p>Haben Sie ein elektrisches Auto, k\u00f6nnen es aber nicht mit Ihrem eigenen Strom aufladen, weil das Ladekabel eine unsichere Situation auf dem B\u00fcrgersteig verursacht? Keine Sorge! FlatPower bietet mit einem innovativen, patentierten, ultraflachen Ladekabel f\u00fcr \u00fcber den B\u00fcrgersteig eine L\u00f6sung.  <\/p><p>Mit dem FlatPower Ladekabel geh\u00f6ren Stolperfallen \u00fcber runde Kabel auf dem B\u00fcrgersteig der Vergangenheit an. W\u00e4hlen Sie Sicherheit und Komfort und profitieren Sie dadurch endlich optimal von Ihrem eigenen Stromanschluss und eventuell Sonnenpanelen. <\/p><p>Im Vergleich zu Alternativen ist das revolution\u00e4re flache Design des FlatPower Kabels eine enorme Verbesserung der Sicherheit f\u00fcr andere Nutzer des B\u00fcrgersteigs. Das ultraflache Ladekabel bietet Ihnen die Freiheit, das elektrische Laden zu Hause ohne Sorgen zu genie\u00dfen.  <\/p>\t\t\t\t\t\t\t\t<\/div>\n\t\t\t\t<\/div>\n\t\t\t\t<div class=\"elementor-element elementor-element-b135c2a elementor-align-center elementor-widget elementor-widget-button\" data-id=\"b135c2a\" data-element_type=\"widget\" data-e-type=\"widget\" data-widget_type=\"button.default\">\n\t\t\t\t<div class=\"elementor-widget-container\">\n\t\t\t\t\t\t\t\t\t<div class=\"elementor-button-wrapper\">\n\t\t\t\t\t<a class=\"elementor-button elementor-button-link elementor-size-sm\" href=\"https:\/\/flatpower.tech\/de\/produkt\/flatpower-ladekabel\/\">\n\t\t\t\t\t\t<span class=\"elementor-button-content-wrapper\">\n\t\t\t\t\t\t\t\t\t<span class=\"elementor-button-text\">DIREKT BESTELLEN<\/span>\n\t\t\t\t\t<\/span>\n\t\t\t\t\t<\/a>\n\t\t\t\t<\/div>\n\t\t\t\t\t\t\t\t<\/div>\n\t\t\t\t<\/div>\n\t\t\t\t<div class=\"elementor-element elementor-element-b65a221 elementor-widget elementor-widget-image\" data-id=\"b65a221\" data-element_type=\"widget\" data-e-type=\"widget\" data-settings=\"{&quot;motion_fx_motion_fx_scrolling&quot;:&quot;yes&quot;,&quot;motion_fx_translateY_effect&quot;:&quot;yes&quot;,&quot;motion_fx_translateY_speed&quot;:{&quot;unit&quot;:&quot;px&quot;,&quot;size&quot;:0,&quot;sizes&quot;:[]},&quot;motion_fx_translateY_affectedRange&quot;:{&quot;unit&quot;:&quot;%&quot;,&quot;size&quot;:&quot;&quot;,&quot;sizes&quot;:{&quot;start&quot;:12,&quot;end&quot;:88}},&quot;motion_fx_range&quot;:&quot;viewport&quot;,&quot;motion_fx_translateX_effect&quot;:&quot;yes&quot;,&quot;motion_fx_translateX_speed&quot;:{&quot;unit&quot;:&quot;px&quot;,&quot;size&quot;:4,&quot;sizes&quot;:[]},&quot;motion_fx_translateX_affectedRange&quot;:{&quot;unit&quot;:&quot;%&quot;,&quot;size&quot;:&quot;&quot;,&quot;sizes&quot;:{&quot;start&quot;:0,&quot;end&quot;:100}},&quot;motion_fx_devices&quot;:[&quot;desktop&quot;,&quot;tablet&quot;,&quot;mobile&quot;]}\" data-widget_type=\"image.default\">\n\t\t\t\t<div class=\"elementor-widget-container\">\n\t\t\t\t\t\t\t\t\t\t\t\t\t\t\t<img fetchpriority=\"high\" decoding=\"async\" width=\"1500\" height=\"1500\" src=\"https:\/\/flatpower.tech\/wp-content\/uploads\/2024\/03\/kabelflatpower.webp\" class=\"attachment-full size-full wp-image-1354\" alt=\"Platte oplaadkabel voor stoepladen\" srcset=\"https:\/\/flatpower.tech\/wp-content\/uploads\/2024\/03\/kabelflatpower.webp 1500w, https:\/\/flatpower.tech\/wp-content\/uploads\/2024\/03\/kabelflatpower-300x300.webp 300w, https:\/\/flatpower.tech\/wp-content\/uploads\/2024\/03\/kabelflatpower-100x100.webp 100w, https:\/\/flatpower.tech\/wp-content\/uploads\/2024\/03\/kabelflatpower-600x600.webp 600w, https:\/\/flatpower.tech\/wp-content\/uploads\/2024\/03\/kabelflatpower-1024x1024.webp 1024w, https:\/\/flatpower.tech\/wp-content\/uploads\/2024\/03\/kabelflatpower-150x150.webp 150w, https:\/\/flatpower.tech\/wp-content\/uploads\/2024\/03\/kabelflatpower-768x768.webp 768w\" sizes=\"(max-width: 1500px) 100vw, 1500px\" \/>\t\t\t\t\t\t\t\t\t\t\t\t\t\t\t<\/div>\n\t\t\t\t<\/div>\n\t\t\t\t\t<\/div>\n\t\t\t\t<\/div>\n\t\t<div class=\"elementor-element elementor-element-6f96525 e-flex e-con-boxed e-con e-parent\" data-id=\"6f96525\" data-element_type=\"container\" data-e-type=\"container\" data-settings=\"{&quot;background_background&quot;:&quot;classic&quot;}\">\n\t\t\t\t\t<div class=\"e-con-inner\">\n\t\t\t\t<div class=\"elementor-element elementor-element-72033bc uael-ba-halign-center uael-ba-label-normal elementor-widget elementor-widget-uael-ba-slider\" data-id=\"72033bc\" data-element_type=\"widget\" data-e-type=\"widget\" data-widget_type=\"uael-ba-slider.default\">\n\t\t\t\t<div class=\"elementor-widget-container\">\n\t\t\t\t\t\t\t<div class=\"uael-before-after-slider\">\n\t\t\t<div class=\"uael-ba-container\" data-move-on-hover=\"yes\" data-orientation=\"horizontal\" data-offset=\"0.5\">\n\t\t\t\t<img decoding=\"async\" class=\"uael-before-img\" style=\"position: absolute\" src=\"https:\/\/flatpower.tech\/wp-content\/uploads\/2024\/03\/Render_ronde_kabel-1024x576.png\" alt=\"Standard runde Kabel\" \/>\n\t\t\t\t<img decoding=\"async\" class=\"uael-after-img\" src=\"https:\/\/flatpower.tech\/wp-content\/uploads\/2024\/03\/Render_platte_kabel-1024x576.png\" alt=\"FlatPower Kabel\" \/>\n\t\t\t<\/div>\n\t\t<\/div>\n\t\t\t\t\t\t<\/div>\n\t\t\t\t<\/div>\n\t\t\t\t\t<\/div>\n\t\t\t\t<\/div>\n\t\t<div class=\"elementor-element elementor-element-973a7ed e-flex e-con-boxed e-con e-parent\" data-id=\"973a7ed\" data-element_type=\"container\" data-e-type=\"container\" data-settings=\"{&quot;background_background&quot;:&quot;classic&quot;}\">\n\t\t\t\t\t<div class=\"e-con-inner\">\n\t\t<div class=\"elementor-element elementor-element-eaf6dfd e-con-full e-flex e-con e-child\" data-id=\"eaf6dfd\" data-element_type=\"container\" data-e-type=\"container\">\n\t\t\t\t<div class=\"elementor-element elementor-element-8d676af elementor-widget elementor-widget-heading\" data-id=\"8d676af\" data-element_type=\"widget\" data-e-type=\"widget\" data-widget_type=\"heading.default\">\n\t\t\t\t<div class=\"elementor-widget-container\">\n\t\t\t\t\t<h2 class=\"elementor-heading-title elementor-size-default\">Laden an <B>\u00f6ffentlichen \nLadestationen?<\/h2>\t\t\t\t<\/div>\n\t\t\t\t<\/div>\n\t\t\t\t<div class=\"elementor-element elementor-element-f71b640 elementor-widget elementor-widget-text-editor\" data-id=\"f71b640\" data-element_type=\"widget\" data-e-type=\"widget\" data-widget_type=\"text-editor.default\">\n\t\t\t\t<div class=\"elementor-widget-container\">\n\t\t\t\t\t\t\t\t\t<p data-start=\"413\" data-end=\"933\">\u00d6ffentliche Lades\u00e4ulen sind eine praktische Option f\u00fcr unterwegs, aber es kann eine teure Angelegenheit sein. Die Kosten f\u00fcr \u00f6ffentliches Laden k\u00f6nnen im Vergleich zum Laden zu Hause schnell steigen. Au\u00dferdem gibt es oft Probleme mit Lades\u00e4ulen, die von St\u00f6rungen bis hin zur Nichtverf\u00fcgbarkeit reichen, wenn Sie sie ben\u00f6tigen. Dar\u00fcber hinaus k\u00f6nnen \u00f6ffentliche Ladestationen manchmal weit von Ihrem Zuhause entfernt sein, was Unannehmlichkeiten und zus\u00e4tzlichen Zeitaufwand mit sich bringt. Das Laden zu Hause ist daher die kosteng\u00fcnstigste und zuverl\u00e4ssigste Option f\u00fcr Elektrofahrer.    <\/p><p data-start=\"935\" data-end=\"1127\">Mit dem FlatPower-Kabel direkt vor Ihrer Haust\u00fcr haben Sie meist Ihren eigenen Ladeplatz. Es ist Ihr Auto, Ihr Kabel, Ihre Ladestation. Kein Stress mehr mit \u00f6ffentlichen Ladestationen. Entscheiden Sie sich f\u00fcr ultimative Freiheit und Komfort.   <\/p><p data-start=\"1129\" data-end=\"1753\">Das ultraflache <strong data-start=\"1145\" data-end=\"1174\">FlatPower Ladekabel<\/strong> mit nur <strong data-start=\"1189\" data-end=\"1212\">5 mm Ladekabeldicke<\/strong> liegt eng auf dem B\u00fcrgersteig und verhindert Stolpergefahr. Dieses sichere <strong data-start=\"1279\" data-end=\"1299\">flache Ladekabel<\/strong> macht das Laden zu Hause mit eigenem Strom oder Sonnenpanelen einfach und nachhaltig. Perfekt f\u00fcr alle, die <g id=\"gid_3\">\u00fcber den B\u00fcrgersteig laden<\/g> m\u00f6chten, ohne Einfahrt. Entdecken Sie die clevere Ladel\u00f6sung von FlatPower, <strong data-start=\"1493\" data-end=\"1540\">dem flachen Ladekabel f\u00fcr Elektroautos<\/strong>, ideal f\u00fcr <strong data-start=\"1554\" data-end=\"1575\">sicheres Laden <\/strong>in jedem Wohngebiet.    <\/p>\t\t\t\t\t\t\t\t<\/div>\n\t\t\t\t<\/div>\n\t\t\t\t<div class=\"elementor-element elementor-element-a650fc8 elementor-align-left elementor-widget elementor-widget-button\" data-id=\"a650fc8\" data-element_type=\"widget\" data-e-type=\"widget\" data-widget_type=\"button.default\">\n\t\t\t\t<div class=\"elementor-widget-container\">\n\t\t\t\t\t\t\t\t\t<div class=\"elementor-button-wrapper\">\n\t\t\t\t\t<a class=\"elementor-button elementor-button-link elementor-size-sm\" href=\"https:\/\/flatpower.tech\/de\/produkt\/flatpower-ladekabel\/\">\n\t\t\t\t\t\t<span class=\"elementor-button-content-wrapper\">\n\t\t\t\t\t\t\t\t\t<span class=\"elementor-button-text\">BESTELLEN<\/span>\n\t\t\t\t\t<\/span>\n\t\t\t\t\t<\/a>\n\t\t\t\t<\/div>\n\t\t\t\t\t\t\t\t<\/div>\n\t\t\t\t<\/div>\n\t\t\t\t<\/div>\n\t\t<div class=\"elementor-element elementor-element-193b70c e-con-full e-flex e-con e-child\" data-id=\"193b70c\" data-element_type=\"container\" data-e-type=\"container\">\n\t\t\t\t<\/div>\n\t\t\t\t\t<\/div>\n\t\t\t\t<\/div>\n\t\t\t\t<\/div>\n\t\t","protected":false},"excerpt":{"rendered":"<p>FlatPower-Ladekabel: Innovation imElektrischen laden BESTEL Ein sicheres flaches Ladekabel Haben Sie ein elektrisches Auto, k\u00f6nnen es aber nicht mit Ihrem eigenen Strom aufladen, weil das Ladekabel eine unsichere Situation auf dem B\u00fcrgersteig verursacht? Keine Sorge! FlatPower bietet mit einem innovativen, patentierten, ultraflachen Ladekabel f\u00fcr \u00fcber den B\u00fcrgersteig eine L\u00f6sung. Mit dem FlatPower Ladekabel geh\u00f6ren Stolperfallen [&hellip;]<\/p>\n","protected":false},"author":1,"featured_media":0,"parent":0,"menu_order":0,"comment_status":"closed","ping_status":"closed","template":"","meta":{"footnotes":""},"categories":[],"tags":[],"class_list":["post-1776","page","type-page","status-publish","hentry"],"yoast_head":"<!-- This site is optimized with the Yoast SEO plugin v27.5 - https:\/\/yoast.com\/product\/yoast-seo-wordpress\/ -->\n<title>Flaches Ladekabel - FlatPower<\/title>\n<meta name=\"description\" content=\"Laden Sie Ihr Elektroauto sicher zu Hause mit dem FlatPower Ladekabel auf. Laden mit eigenem Strom oder Sonnenpanelen.\" \/>\n<meta name=\"robots\" content=\"index, follow, max-snippet:-1, max-image-preview:large, max-video-preview:-1\" \/>\n<link rel=\"canonical\" href=\"https:\/\/flatpower.tech\/de\/\" \/>\n<meta property=\"og:locale\" content=\"de_DE\" \/>\n<meta property=\"og:type\" content=\"article\" \/>\n<meta property=\"og:title\" content=\"Flaches Ladekabel - FlatPower\" \/>\n<meta property=\"og:description\" content=\"Laden Sie Ihr Elektroauto sicher zu Hause mit dem FlatPower Ladekabel auf. Laden mit eigenem Strom oder Sonnenpanelen.\" \/>\n<meta property=\"og:url\" content=\"https:\/\/flatpower.tech\/de\/\" \/>\n<meta property=\"og:site_name\" content=\"FlatPower\" \/>\n<meta property=\"article:modified_time\" content=\"2025-11-06T15:29:45+00:00\" \/>\n<meta property=\"og:image\" content=\"https:\/\/flatpower.tech\/wp-content\/uploads\/2024\/03\/kabelflatpower.webp\" \/>\n\t<meta property=\"og:image:width\" content=\"1500\" \/>\n\t<meta property=\"og:image:height\" content=\"1500\" \/>\n\t<meta property=\"og:image:type\" content=\"image\/webp\" \/>\n<meta name=\"twitter:card\" content=\"summary_large_image\" \/>\n<meta name=\"twitter:label1\" content=\"Gesch\u00e4tzte Lesezeit\" \/>\n\t<meta name=\"twitter:data1\" content=\"2\u00a0Minuten\" \/>\n<script type=\"application\/ld+json\" class=\"yoast-schema-graph\">{\"@context\":\"https:\\\/\\\/schema.org\",\"@graph\":[{\"@type\":\"WebPage\",\"@id\":\"https:\\\/\\\/flatpower.tech\\\/de\\\/\",\"url\":\"https:\\\/\\\/flatpower.tech\\\/de\\\/\",\"name\":\"Flaches Ladekabel - FlatPower\",\"isPartOf\":{\"@id\":\"https:\\\/\\\/flatpower.tech\\\/de\\\/#website\"},\"primaryImageOfPage\":{\"@id\":\"https:\\\/\\\/flatpower.tech\\\/de\\\/#primaryimage\"},\"image\":{\"@id\":\"https:\\\/\\\/flatpower.tech\\\/de\\\/#primaryimage\"},\"thumbnailUrl\":\"https:\\\/\\\/flatpower.tech\\\/wp-content\\\/uploads\\\/2024\\\/03\\\/kabelflatpower.webp\",\"datePublished\":\"2024-03-06T13:35:12+00:00\",\"dateModified\":\"2025-11-06T15:29:45+00:00\",\"description\":\"Laden Sie Ihr Elektroauto sicher zu Hause mit dem FlatPower Ladekabel auf. Laden mit eigenem Strom oder Sonnenpanelen.\",\"breadcrumb\":{\"@id\":\"https:\\\/\\\/flatpower.tech\\\/de\\\/#breadcrumb\"},\"inLanguage\":\"de\",\"potentialAction\":[{\"@type\":\"ReadAction\",\"target\":[\"https:\\\/\\\/flatpower.tech\\\/de\\\/\"]}]},{\"@type\":\"ImageObject\",\"inLanguage\":\"de\",\"@id\":\"https:\\\/\\\/flatpower.tech\\\/de\\\/#primaryimage\",\"url\":\"https:\\\/\\\/flatpower.tech\\\/wp-content\\\/uploads\\\/2024\\\/03\\\/kabelflatpower.webp\",\"contentUrl\":\"https:\\\/\\\/flatpower.tech\\\/wp-content\\\/uploads\\\/2024\\\/03\\\/kabelflatpower.webp\"},{\"@type\":\"BreadcrumbList\",\"@id\":\"https:\\\/\\\/flatpower.tech\\\/de\\\/#breadcrumb\",\"itemListElement\":[{\"@type\":\"ListItem\",\"position\":1,\"name\":\"Home\",\"item\":\"https:\\\/\\\/flatpower.tech\\\/de\\\/flatpower\\\/\"},{\"@type\":\"ListItem\",\"position\":2,\"name\":\"FlatPower\"}]},{\"@type\":\"WebSite\",\"@id\":\"https:\\\/\\\/flatpower.tech\\\/de\\\/#website\",\"url\":\"https:\\\/\\\/flatpower.tech\\\/de\\\/\",\"name\":\"FlatPower\",\"description\":\"Innovatie in Elektrisch Opladen\",\"publisher\":{\"@id\":\"https:\\\/\\\/flatpower.tech\\\/de\\\/#organization\"},\"potentialAction\":[{\"@type\":\"SearchAction\",\"target\":{\"@type\":\"EntryPoint\",\"urlTemplate\":\"https:\\\/\\\/flatpower.tech\\\/de\\\/?s={search_term_string}\"},\"query-input\":{\"@type\":\"PropertyValueSpecification\",\"valueRequired\":true,\"valueName\":\"search_term_string\"}}],\"inLanguage\":\"de\"},{\"@type\":\"Organization\",\"@id\":\"https:\\\/\\\/flatpower.tech\\\/de\\\/#organization\",\"name\":\"FlatPower\",\"url\":\"https:\\\/\\\/flatpower.tech\\\/de\\\/\",\"logo\":{\"@type\":\"ImageObject\",\"inLanguage\":\"de\",\"@id\":\"https:\\\/\\\/flatpower.tech\\\/de\\\/#\\\/schema\\\/logo\\\/image\\\/\",\"url\":\"https:\\\/\\\/flatpower.tech\\\/wp-content\\\/uploads\\\/2024\\\/03\\\/FlatPower-Logo-e1711374673710.png\",\"contentUrl\":\"https:\\\/\\\/flatpower.tech\\\/wp-content\\\/uploads\\\/2024\\\/03\\\/FlatPower-Logo-e1711374673710.png\",\"width\":200,\"height\":54,\"caption\":\"FlatPower\"},\"image\":{\"@id\":\"https:\\\/\\\/flatpower.tech\\\/de\\\/#\\\/schema\\\/logo\\\/image\\\/\"}}]}<\/script>\n<!-- \/ Yoast SEO plugin. -->","yoast_head_json":{"title":"Flaches Ladekabel - FlatPower","description":"Laden Sie Ihr Elektroauto sicher zu Hause mit dem FlatPower Ladekabel auf. Laden mit eigenem Strom oder Sonnenpanelen.","robots":{"index":"index","follow":"follow","max-snippet":"max-snippet:-1","max-image-preview":"max-image-preview:large","max-video-preview":"max-video-preview:-1"},"canonical":"https:\/\/flatpower.tech\/de\/","og_locale":"de_DE","og_type":"article","og_title":"Flaches Ladekabel - FlatPower","og_description":"Laden Sie Ihr Elektroauto sicher zu Hause mit dem FlatPower Ladekabel auf. Laden mit eigenem Strom oder Sonnenpanelen.","og_url":"https:\/\/flatpower.tech\/de\/","og_site_name":"FlatPower","article_modified_time":"2025-11-06T15:29:45+00:00","og_image":[{"width":1500,"height":1500,"url":"https:\/\/flatpower.tech\/wp-content\/uploads\/2024\/03\/kabelflatpower.webp","type":"image\/webp"}],"twitter_card":"summary_large_image","twitter_misc":{"Gesch\u00e4tzte Lesezeit":"2\u00a0Minuten"},"schema":{"@context":"https:\/\/schema.org","@graph":[{"@type":"WebPage","@id":"https:\/\/flatpower.tech\/de\/","url":"https:\/\/flatpower.tech\/de\/","name":"Flaches Ladekabel - FlatPower","isPartOf":{"@id":"https:\/\/flatpower.tech\/de\/#website"},"primaryImageOfPage":{"@id":"https:\/\/flatpower.tech\/de\/#primaryimage"},"image":{"@id":"https:\/\/flatpower.tech\/de\/#primaryimage"},"thumbnailUrl":"https:\/\/flatpower.tech\/wp-content\/uploads\/2024\/03\/kabelflatpower.webp","datePublished":"2024-03-06T13:35:12+00:00","dateModified":"2025-11-06T15:29:45+00:00","description":"Laden Sie Ihr Elektroauto sicher zu Hause mit dem FlatPower Ladekabel auf. Laden mit eigenem Strom oder Sonnenpanelen.","breadcrumb":{"@id":"https:\/\/flatpower.tech\/de\/#breadcrumb"},"inLanguage":"de","potentialAction":[{"@type":"ReadAction","target":["https:\/\/flatpower.tech\/de\/"]}]},{"@type":"ImageObject","inLanguage":"de","@id":"https:\/\/flatpower.tech\/de\/#primaryimage","url":"https:\/\/flatpower.tech\/wp-content\/uploads\/2024\/03\/kabelflatpower.webp","contentUrl":"https:\/\/flatpower.tech\/wp-content\/uploads\/2024\/03\/kabelflatpower.webp"},{"@type":"BreadcrumbList","@id":"https:\/\/flatpower.tech\/de\/#breadcrumb","itemListElement":[{"@type":"ListItem","position":1,"name":"Home","item":"https:\/\/flatpower.tech\/de\/flatpower\/"},{"@type":"ListItem","position":2,"name":"FlatPower"}]},{"@type":"WebSite","@id":"https:\/\/flatpower.tech\/de\/#website","url":"https:\/\/flatpower.tech\/de\/","name":"FlatPower","description":"Innovatie in Elektrisch Opladen","publisher":{"@id":"https:\/\/flatpower.tech\/de\/#organization"},"potentialAction":[{"@type":"SearchAction","target":{"@type":"EntryPoint","urlTemplate":"https:\/\/flatpower.tech\/de\/?s={search_term_string}"},"query-input":{"@type":"PropertyValueSpecification","valueRequired":true,"valueName":"search_term_string"}}],"inLanguage":"de"},{"@type":"Organization","@id":"https:\/\/flatpower.tech\/de\/#organization","name":"FlatPower","url":"https:\/\/flatpower.tech\/de\/","logo":{"@type":"ImageObject","inLanguage":"de","@id":"https:\/\/flatpower.tech\/de\/#\/schema\/logo\/image\/","url":"https:\/\/flatpower.tech\/wp-content\/uploads\/2024\/03\/FlatPower-Logo-e1711374673710.png","contentUrl":"https:\/\/flatpower.tech\/wp-content\/uploads\/2024\/03\/FlatPower-Logo-e1711374673710.png","width":200,"height":54,"caption":"FlatPower"},"image":{"@id":"https:\/\/flatpower.tech\/de\/#\/schema\/logo\/image\/"}}]}},"_links":{"self":[{"href":"https:\/\/flatpower.tech\/de\/wp-json\/wp\/v2\/pages\/1776","targetHints":{"allow":["GET"]}}],"collection":[{"href":"https:\/\/flatpower.tech\/de\/wp-json\/wp\/v2\/pages"}],"about":[{"href":"https:\/\/flatpower.tech\/de\/wp-json\/wp\/v2\/types\/page"}],"author":[{"embeddable":true,"href":"https:\/\/flatpower.tech\/de\/wp-json\/wp\/v2\/users\/1"}],"replies":[{"embeddable":true,"href":"https:\/\/flatpower.tech\/de\/wp-json\/wp\/v2\/comments?post=1776"}],"version-history":[{"count":18,"href":"https:\/\/flatpower.tech\/de\/wp-json\/wp\/v2\/pages\/1776\/revisions"}],"predecessor-version":[{"id":3232,"href":"https:\/\/flatpower.tech\/de\/wp-json\/wp\/v2\/pages\/1776\/revisions\/3232"}],"wp:attachment":[{"href":"https:\/\/flatpower.tech\/de\/wp-json\/wp\/v2\/media?parent=1776"}],"wp:term":[{"taxonomy":"category","embeddable":true,"href":"https:\/\/flatpower.tech\/de\/wp-json\/wp\/v2\/categories?post=1776"},{"taxonomy":"post_tag","embeddable":true,"href":"https:\/\/flatpower.tech\/de\/wp-json\/wp\/v2\/tags?post=1776"}],"curies":[{"name":"wp","href":"https:\/\/api.w.org\/{rel}","templated":true}]}}