{"id":1800,"date":"2024-03-06T13:14:35","date_gmt":"2024-03-06T13:14:35","guid":{"rendered":"https:\/\/flatpower.tech\/erklaerung-zum-datenschutz\/"},"modified":"2025-01-07T13:17:05","modified_gmt":"2025-01-07T13:17:05","slug":"erklaerung-zum-datenschutz","status":"publish","type":"page","link":"https:\/\/flatpower.tech\/de\/erklaerung-zum-datenschutz\/","title":{"rendered":"Datenschutzerkl\u00e4rung"},"content":{"rendered":"\t\t<div data-elementor-type=\"wp-page\" data-elementor-id=\"1800\" class=\"elementor elementor-1800 elementor-3\" data-elementor-post-type=\"page\">\n\t\t\t\t<div class=\"elementor-element elementor-element-7e9a9fb e-flex e-con-boxed e-con e-parent\" data-id=\"7e9a9fb\" data-element_type=\"container\" data-e-type=\"container\">\n\t\t\t\t\t<div class=\"e-con-inner\">\n\t\t\t\t<div class=\"elementor-element elementor-element-7c23a03 elementor-widget elementor-widget-heading\" data-id=\"7c23a03\" data-element_type=\"widget\" data-e-type=\"widget\" data-widget_type=\"heading.default\">\n\t\t\t\t<div class=\"elementor-widget-container\">\n\t\t\t\t\t<h1 class=\"elementor-heading-title elementor-size-default\">Datenschutzerkl\u00e4rung<\/h1>\t\t\t\t<\/div>\n\t\t\t\t<\/div>\n\t\t\t\t\t<\/div>\n\t\t\t\t<\/div>\n\t\t<div class=\"elementor-element elementor-element-c822d42 e-flex e-con-boxed e-con e-parent\" data-id=\"c822d42\" data-element_type=\"container\" data-e-type=\"container\">\n\t\t\t\t\t<div class=\"e-con-inner\">\n\t\t\t\t<div class=\"elementor-element elementor-element-74b7eb8 elementor-widget elementor-widget-text-editor\" data-id=\"74b7eb8\" data-element_type=\"widget\" data-e-type=\"widget\" data-widget_type=\"text-editor.default\">\n\t\t\t\t<div class=\"elementor-widget-container\">\n\t\t\t\t\t\t\t\t\t<p>In dieser Datenschutzerkl\u00e4rung erl\u00e4utert Comerco B.V., der Markeneigent\u00fcmer von FlatPower\u00ae, die Art und Weise, in der Comerco als Verantwortlicher mit personenbezogenen Daten umgeht. Comerco verarbeitet alle ihr zur Verf\u00fcgung gestellten oder von ihr gesammelten personenbezogenen Daten mit der gr\u00f6\u00dftm\u00f6glichen Sorgfalt. <\/p>\n\t\t\t\t\t\t\t\t<\/div>\n\t\t\t\t<\/div>\n\t\t\t\t<div class=\"elementor-element elementor-element-f1a2ffd elementor-widget elementor-widget-button\" data-id=\"f1a2ffd\" data-element_type=\"widget\" data-e-type=\"widget\" data-widget_type=\"button.default\">\n\t\t\t\t<div class=\"elementor-widget-container\">\n\t\t\t\t\t\t\t\t\t<div class=\"elementor-button-wrapper\">\n\t\t\t\t\t<a class=\"elementor-button elementor-button-link elementor-size-sm\" href=\"https:\/\/flatpower.tech\/wp-content\/uploads\/2025\/01\/Datenschutzerklarung-Comerco.pdf\">\n\t\t\t\t\t\t<span class=\"elementor-button-content-wrapper\">\n\t\t\t\t\t\t\t\t\t<span class=\"elementor-button-text\">Erkl\u00e4rung zum Datenschutz DE<\/span>\n\t\t\t\t\t<\/span>\n\t\t\t\t\t<\/a>\n\t\t\t\t<\/div>\n\t\t\t\t\t\t\t\t<\/div>\n\t\t\t\t<\/div>\n\t\t\t\t\t<\/div>\n\t\t\t\t<\/div>\n\t\t\t\t<\/div>\n\t\t","protected":false},"excerpt":{"rendered":"<p>Datenschutzerkl\u00e4rung In dieser Datenschutzerkl\u00e4rung erl\u00e4utert Comerco B.V., der Markeneigent\u00fcmer von FlatPower\u00ae, die Art und Weise, in der Comerco als Verantwortlicher mit personenbezogenen Daten umgeht. Comerco verarbeitet alle ihr zur Verf\u00fcgung gestellten oder von ihr gesammelten personenbezogenen Daten mit der gr\u00f6\u00dftm\u00f6glichen Sorgfalt. Erkl\u00e4rung zum Datenschutz DE<\/p>\n","protected":false},"author":1,"featured_media":0,"parent":0,"menu_order":0,"comment_status":"closed","ping_status":"open","template":"","meta":{"footnotes":""},"categories":[],"tags":[],"class_list":["post-1800","page","type-page","status-publish","hentry"],"yoast_head":"<!-- This site is optimized with the Yoast SEO plugin v27.3 - https:\/\/yoast.com\/product\/yoast-seo-wordpress\/ -->\n<title>Datenschutzerkl\u00e4rung - FlatPower<\/title>\n<meta name=\"robots\" content=\"noindex, nofollow\" \/>\n<meta property=\"og:locale\" content=\"de_DE\" \/>\n<meta property=\"og:type\" content=\"article\" \/>\n<meta property=\"og:title\" content=\"Datenschutzerkl\u00e4rung - FlatPower\" \/>\n<meta property=\"og:description\" content=\"Datenschutzerkl\u00e4rung In dieser Datenschutzerkl\u00e4rung erl\u00e4utert Comerco B.V., der Markeneigent\u00fcmer von FlatPower\u00ae, die Art und Weise, in der Comerco als Verantwortlicher mit personenbezogenen Daten umgeht. Comerco verarbeitet alle ihr zur Verf\u00fcgung gestellten oder von ihr gesammelten personenbezogenen Daten mit der gr\u00f6\u00dftm\u00f6glichen Sorgfalt. Erkl\u00e4rung zum Datenschutz DE\" \/>\n<meta property=\"og:url\" content=\"https:\/\/flatpower.tech\/de\/erklaerung-zum-datenschutz\/\" \/>\n<meta property=\"og:site_name\" content=\"FlatPower\" \/>\n<meta property=\"article:modified_time\" content=\"2025-01-07T13:17:05+00:00\" \/>\n<meta name=\"twitter:card\" content=\"summary_large_image\" \/>\n<script type=\"application\/ld+json\" class=\"yoast-schema-graph\">{\"@context\":\"https:\\\/\\\/schema.org\",\"@graph\":[{\"@type\":\"WebPage\",\"@id\":\"https:\\\/\\\/flatpower.tech\\\/de\\\/erklaerung-zum-datenschutz\\\/\",\"url\":\"https:\\\/\\\/flatpower.tech\\\/de\\\/erklaerung-zum-datenschutz\\\/\",\"name\":\"Datenschutzerkl\u00e4rung - FlatPower\",\"isPartOf\":{\"@id\":\"https:\\\/\\\/flatpower.tech\\\/de\\\/#website\"},\"datePublished\":\"2024-03-06T13:14:35+00:00\",\"dateModified\":\"2025-01-07T13:17:05+00:00\",\"breadcrumb\":{\"@id\":\"https:\\\/\\\/flatpower.tech\\\/de\\\/erklaerung-zum-datenschutz\\\/#breadcrumb\"},\"inLanguage\":\"de\",\"potentialAction\":[{\"@type\":\"ReadAction\",\"target\":[\"https:\\\/\\\/flatpower.tech\\\/de\\\/erklaerung-zum-datenschutz\\\/\"]}]},{\"@type\":\"BreadcrumbList\",\"@id\":\"https:\\\/\\\/flatpower.tech\\\/de\\\/erklaerung-zum-datenschutz\\\/#breadcrumb\",\"itemListElement\":[{\"@type\":\"ListItem\",\"position\":1,\"name\":\"Home\",\"item\":\"https:\\\/\\\/flatpower.tech\\\/de\\\/flatpower\\\/\"},{\"@type\":\"ListItem\",\"position\":2,\"name\":\"Datenschutzerkl\u00e4rung\"}]},{\"@type\":\"WebSite\",\"@id\":\"https:\\\/\\\/flatpower.tech\\\/de\\\/#website\",\"url\":\"https:\\\/\\\/flatpower.tech\\\/de\\\/\",\"name\":\"FlatPower\",\"description\":\"Innovatie in Elektrisch Opladen\",\"publisher\":{\"@id\":\"https:\\\/\\\/flatpower.tech\\\/de\\\/#organization\"},\"potentialAction\":[{\"@type\":\"SearchAction\",\"target\":{\"@type\":\"EntryPoint\",\"urlTemplate\":\"https:\\\/\\\/flatpower.tech\\\/de\\\/?s={search_term_string}\"},\"query-input\":{\"@type\":\"PropertyValueSpecification\",\"valueRequired\":true,\"valueName\":\"search_term_string\"}}],\"inLanguage\":\"de\"},{\"@type\":\"Organization\",\"@id\":\"https:\\\/\\\/flatpower.tech\\\/de\\\/#organization\",\"name\":\"FlatPower\",\"url\":\"https:\\\/\\\/flatpower.tech\\\/de\\\/\",\"logo\":{\"@type\":\"ImageObject\",\"inLanguage\":\"de\",\"@id\":\"https:\\\/\\\/flatpower.tech\\\/de\\\/#\\\/schema\\\/logo\\\/image\\\/\",\"url\":\"https:\\\/\\\/flatpower.tech\\\/wp-content\\\/uploads\\\/2024\\\/03\\\/FlatPower-Logo-e1711374673710.png\",\"contentUrl\":\"https:\\\/\\\/flatpower.tech\\\/wp-content\\\/uploads\\\/2024\\\/03\\\/FlatPower-Logo-e1711374673710.png\",\"width\":200,\"height\":54,\"caption\":\"FlatPower\"},\"image\":{\"@id\":\"https:\\\/\\\/flatpower.tech\\\/de\\\/#\\\/schema\\\/logo\\\/image\\\/\"}}]}<\/script>\n<!-- \/ Yoast SEO plugin. -->","yoast_head_json":{"title":"Datenschutzerkl\u00e4rung - FlatPower","robots":{"index":"noindex","follow":"nofollow"},"og_locale":"de_DE","og_type":"article","og_title":"Datenschutzerkl\u00e4rung - FlatPower","og_description":"Datenschutzerkl\u00e4rung In dieser Datenschutzerkl\u00e4rung erl\u00e4utert Comerco B.V., der Markeneigent\u00fcmer von FlatPower\u00ae, die Art und Weise, in der Comerco als Verantwortlicher mit personenbezogenen Daten umgeht. Comerco verarbeitet alle ihr zur Verf\u00fcgung gestellten oder von ihr gesammelten personenbezogenen Daten mit der gr\u00f6\u00dftm\u00f6glichen Sorgfalt. Erkl\u00e4rung zum Datenschutz DE","og_url":"https:\/\/flatpower.tech\/de\/erklaerung-zum-datenschutz\/","og_site_name":"FlatPower","article_modified_time":"2025-01-07T13:17:05+00:00","twitter_card":"summary_large_image","schema":{"@context":"https:\/\/schema.org","@graph":[{"@type":"WebPage","@id":"https:\/\/flatpower.tech\/de\/erklaerung-zum-datenschutz\/","url":"https:\/\/flatpower.tech\/de\/erklaerung-zum-datenschutz\/","name":"Datenschutzerkl\u00e4rung - FlatPower","isPartOf":{"@id":"https:\/\/flatpower.tech\/de\/#website"},"datePublished":"2024-03-06T13:14:35+00:00","dateModified":"2025-01-07T13:17:05+00:00","breadcrumb":{"@id":"https:\/\/flatpower.tech\/de\/erklaerung-zum-datenschutz\/#breadcrumb"},"inLanguage":"de","potentialAction":[{"@type":"ReadAction","target":["https:\/\/flatpower.tech\/de\/erklaerung-zum-datenschutz\/"]}]},{"@type":"BreadcrumbList","@id":"https:\/\/flatpower.tech\/de\/erklaerung-zum-datenschutz\/#breadcrumb","itemListElement":[{"@type":"ListItem","position":1,"name":"Home","item":"https:\/\/flatpower.tech\/de\/flatpower\/"},{"@type":"ListItem","position":2,"name":"Datenschutzerkl\u00e4rung"}]},{"@type":"WebSite","@id":"https:\/\/flatpower.tech\/de\/#website","url":"https:\/\/flatpower.tech\/de\/","name":"FlatPower","description":"Innovatie in Elektrisch Opladen","publisher":{"@id":"https:\/\/flatpower.tech\/de\/#organization"},"potentialAction":[{"@type":"SearchAction","target":{"@type":"EntryPoint","urlTemplate":"https:\/\/flatpower.tech\/de\/?s={search_term_string}"},"query-input":{"@type":"PropertyValueSpecification","valueRequired":true,"valueName":"search_term_string"}}],"inLanguage":"de"},{"@type":"Organization","@id":"https:\/\/flatpower.tech\/de\/#organization","name":"FlatPower","url":"https:\/\/flatpower.tech\/de\/","logo":{"@type":"ImageObject","inLanguage":"de","@id":"https:\/\/flatpower.tech\/de\/#\/schema\/logo\/image\/","url":"https:\/\/flatpower.tech\/wp-content\/uploads\/2024\/03\/FlatPower-Logo-e1711374673710.png","contentUrl":"https:\/\/flatpower.tech\/wp-content\/uploads\/2024\/03\/FlatPower-Logo-e1711374673710.png","width":200,"height":54,"caption":"FlatPower"},"image":{"@id":"https:\/\/flatpower.tech\/de\/#\/schema\/logo\/image\/"}}]}},"_links":{"self":[{"href":"https:\/\/flatpower.tech\/de\/wp-json\/wp\/v2\/pages\/1800","targetHints":{"allow":["GET"]}}],"collection":[{"href":"https:\/\/flatpower.tech\/de\/wp-json\/wp\/v2\/pages"}],"about":[{"href":"https:\/\/flatpower.tech\/de\/wp-json\/wp\/v2\/types\/page"}],"author":[{"embeddable":true,"href":"https:\/\/flatpower.tech\/de\/wp-json\/wp\/v2\/users\/1"}],"replies":[{"embeddable":true,"href":"https:\/\/flatpower.tech\/de\/wp-json\/wp\/v2\/comments?post=1800"}],"version-history":[{"count":7,"href":"https:\/\/flatpower.tech\/de\/wp-json\/wp\/v2\/pages\/1800\/revisions"}],"predecessor-version":[{"id":2414,"href":"https:\/\/flatpower.tech\/de\/wp-json\/wp\/v2\/pages\/1800\/revisions\/2414"}],"wp:attachment":[{"href":"https:\/\/flatpower.tech\/de\/wp-json\/wp\/v2\/media?parent=1800"}],"wp:term":[{"taxonomy":"category","embeddable":true,"href":"https:\/\/flatpower.tech\/de\/wp-json\/wp\/v2\/categories?post=1800"},{"taxonomy":"post_tag","embeddable":true,"href":"https:\/\/flatpower.tech\/de\/wp-json\/wp\/v2\/tags?post=1800"}],"curies":[{"name":"wp","href":"https:\/\/api.w.org\/{rel}","templated":true}]}}