{"id":1937,"date":"2024-03-15T10:11:26","date_gmt":"2024-03-15T10:11:26","guid":{"rendered":"https:\/\/flatpower.tech\/spezifikationen\/"},"modified":"2024-11-06T10:17:49","modified_gmt":"2024-11-06T10:17:49","slug":"spezifikationen","status":"publish","type":"page","link":"https:\/\/flatpower.tech\/de\/spezifikationen\/","title":{"rendered":"Spezifikationen"},"content":{"rendered":"\t\t<div data-elementor-type=\"wp-page\" data-elementor-id=\"1937\" class=\"elementor elementor-1937 elementor-712\" data-elementor-post-type=\"page\">\n\t\t\t\t<div class=\"elementor-element elementor-element-59be40b6 e-flex e-con-boxed e-con e-parent\" data-id=\"59be40b6\" data-element_type=\"container\" data-e-type=\"container\" data-settings=\"{&quot;background_background&quot;:&quot;classic&quot;}\">\n\t\t\t\t\t<div class=\"e-con-inner\">\n\t\t<div class=\"elementor-element elementor-element-5442a7fd e-con-full e-flex e-con e-child\" data-id=\"5442a7fd\" data-element_type=\"container\" data-e-type=\"container\">\n\t\t\t\t<div class=\"elementor-element elementor-element-39d517e5 elementor-widget elementor-widget-heading\" data-id=\"39d517e5\" data-element_type=\"widget\" data-e-type=\"widget\" data-widget_type=\"heading.default\">\n\t\t\t\t<div class=\"elementor-widget-container\">\n\t\t\t\t\t<h1 class=\"elementor-heading-title elementor-size-default\">Spezifikationen<\/h1>\t\t\t\t<\/div>\n\t\t\t\t<\/div>\n\t\t\t\t<div class=\"elementor-element elementor-element-5250e6f6 elementor-icon-list--layout-traditional elementor-list-item-link-full_width elementor-widget elementor-widget-icon-list\" data-id=\"5250e6f6\" data-element_type=\"widget\" data-e-type=\"widget\" data-widget_type=\"icon-list.default\">\n\t\t\t\t<div class=\"elementor-widget-container\">\n\t\t\t\t\t\t\t<ul class=\"elementor-icon-list-items\">\n\t\t\t\t\t\t\t<li class=\"elementor-icon-list-item\">\n\t\t\t\t\t\t\t\t\t\t\t<span class=\"elementor-icon-list-icon\">\n\t\t\t\t\t\t\t<svg aria-hidden=\"true\" class=\"e-font-icon-svg e-fas-bolt\" viewBox=\"0 0 320 512\" xmlns=\"http:\/\/www.w3.org\/2000\/svg\"><path d=\"M296 160H180.6l42.6-129.8C227.2 15 215.7 0 200 0H56C44 0 33.8 8.9 32.2 20.8l-32 240C-1.7 275.2 9.5 288 24 288h118.7L96.6 482.5c-3.6 15.2 8 29.5 23.3 29.5 8.4 0 16.4-4.4 20.8-12l176-304c9.3-15.9-2.2-36-20.7-36z\"><\/path><\/svg>\t\t\t\t\t\t<\/span>\n\t\t\t\t\t\t\t\t\t\t<span class=\"elementor-icon-list-text\"> <b>Ladeleistung <\/b><br>Das FlatPower-Ladekabel hat eine maximale Ladeleistung von 11 kW.<\/span>\n\t\t\t\t\t\t\t\t\t<\/li>\n\t\t\t\t\t\t\t\t<li class=\"elementor-icon-list-item\">\n\t\t\t\t\t\t\t\t\t\t\t<span class=\"elementor-icon-list-icon\">\n\t\t\t\t\t\t\t<svg aria-hidden=\"true\" class=\"e-font-icon-svg e-fas-charging-station\" viewBox=\"0 0 576 512\" xmlns=\"http:\/\/www.w3.org\/2000\/svg\"><path d=\"M336 448H16c-8.84 0-16 7.16-16 16v32c0 8.84 7.16 16 16 16h320c8.84 0 16-7.16 16-16v-32c0-8.84-7.16-16-16-16zm208-320V80c0-8.84-7.16-16-16-16s-16 7.16-16 16v48h-32V80c0-8.84-7.16-16-16-16s-16 7.16-16 16v48h-16c-8.84 0-16 7.16-16 16v32c0 35.76 23.62 65.69 56 75.93v118.49c0 13.95-9.5 26.92-23.26 29.19C431.22 402.5 416 388.99 416 372v-28c0-48.6-39.4-88-88-88h-8V64c0-35.35-28.65-64-64-64H96C60.65 0 32 28.65 32 64v352h288V304h8c22.09 0 40 17.91 40 40v24.61c0 39.67 28.92 75.16 68.41 79.01C481.71 452.05 520 416.41 520 372V251.93c32.38-10.24 56-40.17 56-75.93v-32c0-8.84-7.16-16-16-16h-16zm-283.91 47.76l-93.7 139c-2.2 3.33-6.21 5.24-10.39 5.24-7.67 0-13.47-6.28-11.67-12.92L167.35 224H108c-7.25 0-12.85-5.59-11.89-11.89l16-107C112.9 99.9 117.98 96 124 96h68c7.88 0 13.62 6.54 11.6 13.21L192 160h57.7c9.24 0 15.01 8.78 10.39 15.76z\"><\/path><\/svg>\t\t\t\t\t\t<\/span>\n\t\t\t\t\t\t\t\t\t\t<span class=\"elementor-icon-list-text\"><b>Kompatibilit\u00e4t<\/b><br>Das Kabel ist f\u00fcr alle Elektro- und Plug-in-Hybridautos mit einem Typ-2-Anschluss geeignet.<\/span>\n\t\t\t\t\t\t\t\t\t<\/li>\n\t\t\t\t\t\t\t\t<li class=\"elementor-icon-list-item\">\n\t\t\t\t\t\t\t\t\t\t\t<span class=\"elementor-icon-list-icon\">\n\t\t\t\t\t\t\t<svg aria-hidden=\"true\" class=\"e-font-icon-svg e-fas-cloud-sun-rain\" viewBox=\"0 0 576 512\" xmlns=\"http:\/\/www.w3.org\/2000\/svg\"><path d=\"M510.5 225.5c-6.9-37.2-39.3-65.5-78.5-65.5-12.3 0-23.9 3-34.3 8-17.4-24.1-45.6-40-77.7-40-53 0-96 43-96 96 0 .5.2 1.1.2 1.6C187.6 233 160 265.2 160 304c0 44.2 35.8 80 80 80h256c44.2 0 80-35.8 80-80 0-39.2-28.2-71.7-65.5-78.5zm-386.4 34.4c-37.4-37.4-37.4-98.3 0-135.8 34.6-34.6 89.1-36.8 126.7-7.4 20-12.9 43.6-20.7 69.2-20.7.7 0 1.3.2 2 .2l8.9-26.7c3.4-10.2-6.3-19.8-16.5-16.4l-75.3 25.1-35.5-71c-4.8-9.6-18.5-9.6-23.3 0l-35.5 71-75.3-25.1c-10.2-3.4-19.8 6.3-16.4 16.5l25.1 75.3-71 35.5c-9.6 4.8-9.6 18.5 0 23.3l71 35.5-25.1 75.3c-3.4 10.2 6.3 19.8 16.5 16.5l59.2-19.7c-.2-2.4-.7-4.7-.7-7.2 0-12.5 2.3-24.5 6.2-35.9-3.6-2.7-7.1-5.2-10.2-8.3zm69.8-58c4.3-24.5 15.8-46.4 31.9-64-9.8-6.2-21.4-9.9-33.8-9.9-35.3 0-64 28.7-64 64 0 18.7 8.2 35.4 21.1 47.1 11.3-15.9 26.6-28.9 44.8-37.2zm330.6 216.2c-7.6-4.3-17.4-1.8-21.8 6l-36.6 64c-4.4 7.7-1.7 17.4 6 21.8 2.5 1.4 5.2 2.1 7.9 2.1 5.5 0 10.9-2.9 13.9-8.1l36.6-64c4.3-7.7 1.7-17.4-6-21.8zm-96 0c-7.6-4.3-17.4-1.8-21.8 6l-36.6 64c-4.4 7.7-1.7 17.4 6 21.8 2.5 1.4 5.2 2.1 7.9 2.1 5.5 0 10.9-2.9 13.9-8.1l36.6-64c4.3-7.7 1.7-17.4-6-21.8zm-96 0c-7.6-4.3-17.4-1.8-21.8 6l-36.6 64c-4.4 7.7-1.7 17.4 6 21.8 2.5 1.4 5.2 2.1 7.9 2.1 5.5 0 10.9-2.9 13.9-8.1l36.6-64c4.3-7.7 1.7-17.4-6-21.8zm-96 0c-7.6-4.3-17.4-1.8-21.8 6l-36.6 64c-4.4 7.7-1.7 17.4 6 21.8 2.5 1.4 5.2 2.1 7.9 2.1 5.5 0 10.9-2.9 13.9-8.1l36.6-64c4.3-7.7 1.7-17.4-6-21.8z\"><\/path><\/svg>\t\t\t\t\t\t<\/span>\n\t\t\t\t\t\t\t\t\t\t<span class=\"elementor-icon-list-text\"><b>Wetterfest<\/b><br>Ob Regen oder Sonnenschein, Sie k\u00f6nnen sich immer auf eine zuverl\u00e4ssige Ladung verlassen.<\/span>\n\t\t\t\t\t\t\t\t\t<\/li>\n\t\t\t\t\t\t<\/ul>\n\t\t\t\t\t\t<\/div>\n\t\t\t\t<\/div>\n\t\t\t\t<\/div>\n\t\t<div class=\"elementor-element elementor-element-2b904daa e-con-full e-flex e-con e-child\" data-id=\"2b904daa\" data-element_type=\"container\" data-e-type=\"container\">\n\t\t\t\t<\/div>\n\t\t\t\t\t<\/div>\n\t\t\t\t<\/div>\n\t\t<div class=\"elementor-element elementor-element-2d2cf233 e-flex e-con-boxed e-con e-parent\" data-id=\"2d2cf233\" data-element_type=\"container\" data-e-type=\"container\" data-settings=\"{&quot;background_background&quot;:&quot;classic&quot;}\">\n\t\t\t\t\t<div class=\"e-con-inner\">\n\t\t<div class=\"elementor-element elementor-element-5a1fd84f e-con-full e-flex e-con e-child\" data-id=\"5a1fd84f\" data-element_type=\"container\" data-e-type=\"container\">\n\t\t\t\t<div class=\"elementor-element elementor-element-426f588b elementor-widget__width-initial elementor-widget elementor-widget-text-editor\" data-id=\"426f588b\" data-element_type=\"widget\" data-e-type=\"widget\" data-widget_type=\"text-editor.default\">\n\t\t\t\t<div class=\"elementor-widget-container\">\n\t\t\t\t\t\t\t\t\t<h2>Spezifikationen<\/h2>\n<p>Das FlatPower-Ladekabel ist f\u00fcr alle Elektro- und Plug-in-Hybridautos mit einem Typ-2-Anschluss geeignet und kann bis zu 11 kW an einem 3-Phase 16-Ampere-Anschluss laden.<\/p>\n<p>Beide Stecker vom Typ 2 entsprechen der Norm IEC 62196-2 und werden mit einer Schutzh\u00fclle geliefert.<\/p>\n<p>Die IP-Klasse des Kabels ist IP67, was es wasserdicht und sicher f\u00fcr die Verwendung im Freien macht.<\/p>\n<h2>Wichtig<\/h2>\n<p>Der flache Teil des Kabels ist mit einer maximalen Dicke von 5 mm ausgelegt. In der Regel handelt es sich dabei um eine Toleranz, die von den Gemeinden bei Unebenheiten des Stra\u00dfenbelags angewendet wird. Dennoch kann die Genehmigung von einer Gemeinde zur anderen variieren.  <\/p>\n<p class=\"p1\">FlatPower lehnt ausdr\u00fccklich jede Haftung f\u00fcr etwaige Strafen ab, die sich aus der unbefugten Verwendung des Kabels ergeben. Es liegt in der Verantwortung des Benutzers, sich \u00fcber die geltenden Vorschriften f\u00fcr die Verwendung des Kabels zu informieren und sich an diese Vorschriften zu halten. <\/p>\n\t\t\t\t\t\t\t\t<\/div>\n\t\t\t\t<\/div>\n\t\t\t\t<\/div>\n\t\t<div class=\"elementor-element elementor-element-1b7c6f61 e-con-full e-flex e-con e-child\" data-id=\"1b7c6f61\" data-element_type=\"container\" data-e-type=\"container\">\n\t\t\t\t<div class=\"elementor-element elementor-element-5f9c46a5 elementor-widget elementor-widget-text-editor\" data-id=\"5f9c46a5\" data-element_type=\"widget\" data-e-type=\"widget\" data-widget_type=\"text-editor.default\">\n\t\t\t\t<div class=\"elementor-widget-container\">\n\t\t\t\t\t\t\t\t\t<h2>Technische Details<\/h2>\n\t\t\t\t\t\t\t\t<\/div>\n\t\t\t\t<\/div>\n\t\t\t\t<div class=\"elementor-element elementor-element-10c0fbcd uael-header-sticky-no uael-border-yes elementor-widget elementor-widget-uael-table\" data-id=\"10c0fbcd\" data-element_type=\"widget\" data-e-type=\"widget\" data-widget_type=\"uael-table.default\">\n\t\t\t\t<div class=\"elementor-widget-container\">\n\t\t\t\t\t<div itemscope class=\"uael-table-wrapper\" itemtype=\"http:\/\/schema.org\/Table\">\n\t\t<table id=\"uael-table-id-10c0fbcd\" class=\"uael-text-break uael-column-rules uael-table\" data-sort-table=\"no\" data-show-entry=\"no\" data-searchable=\"no\" data-responsive=\"no\">\n\t\t\t\t<tbody>\n\t\t\t<!-- ROWS -->\n\t\t\t\t\t\t\t\t\t\t<tr data-entry=\"1\" class=\"uael-table-row\">\n\t\t\t\t\t\t\t\t\t\t\t\t\t\t\t\t\t<td class=\"uael-table-col uael-table-body-cell-text elementor-repeater-item-859b587\">\n\t\t\t\t\t\t\t\t\t\t\t\t\t\t\t<span class=\"uael-table__text\">\n\t\t\t\t\t\t\t\t\t\t\t\t\t\t\t\t\t\t\t\t\t\t\t\t\t\t\t\t\t\t\t\t\t\t\t\t\t<span class=\"uael-table__text-inner\">Auto Seite<\/span>\n\t\t\t\t\t\t\t\t\t\t\t\t\t\t\t\t\t\t\t\t\t\t\t\t\t\t\t\t\t\t\t\t\t\t\t\t<\/span>\n\t\t\t\t\t\t\t\t\t\t\t\t\t<\/td>\n\t\t\t\t\t\t\t\t\t\t\t\t\t<td class=\"uael-table-col uael-table-body-cell-text elementor-repeater-item-b7b634a\">\n\t\t\t\t\t\t\t\t\t\t\t\t\t\t\t<span class=\"uael-table__text\">\n\t\t\t\t\t\t\t\t\t\t\t\t\t\t\t\t\t\t\t\t\t\t\t\t\t\t\t\t\t\t\t\t\t\t\t\t\t<span class=\"uael-table__text-inner\">Typ 2 Female<\/span>\n\t\t\t\t\t\t\t\t\t\t\t\t\t\t\t\t\t\t\t\t\t\t\t\t\t\t\t\t\t\t\t\t\t\t\t\t<\/span>\n\t\t\t\t\t\t\t\t\t\t\t\t\t<\/td>\n\t\t\t\t\t\t\t\t\t\t\t\t\t\t<\/tr><tr data-entry=\"2\" class=\"uael-table-row\">\n\t\t\t\t\t\t\t\t\t\t\t\t\t\t\t\t\t\t<td class=\"uael-table-col uael-table-body-cell-text elementor-repeater-item-dad6753\">\n\t\t\t\t\t\t\t\t\t\t\t\t\t\t\t<span class=\"uael-table__text\">\n\t\t\t\t\t\t\t\t\t\t\t\t\t\t\t\t\t\t\t\t\t\t\t\t\t\t\t\t\t\t\t\t\t\t\t\t\t<span class=\"uael-table__text-inner\">Seite der Ladestation<\/span>\n\t\t\t\t\t\t\t\t\t\t\t\t\t\t\t\t\t\t\t\t\t\t\t\t\t\t\t\t\t\t\t\t\t\t\t\t<\/span>\n\t\t\t\t\t\t\t\t\t\t\t\t\t<\/td>\n\t\t\t\t\t\t\t\t\t\t\t\t\t<td class=\"uael-table-col uael-table-body-cell-text elementor-repeater-item-2954b6b\">\n\t\t\t\t\t\t\t\t\t\t\t\t\t\t\t<span class=\"uael-table__text\">\n\t\t\t\t\t\t\t\t\t\t\t\t\t\t\t\t\t\t\t\t\t\t\t\t\t\t\t\t\t\t\t\t\t\t\t\t\t<span class=\"uael-table__text-inner\">Typ 2 Male<\/span>\n\t\t\t\t\t\t\t\t\t\t\t\t\t\t\t\t\t\t\t\t\t\t\t\t\t\t\t\t\t\t\t\t\t\t\t\t<\/span>\n\t\t\t\t\t\t\t\t\t\t\t\t\t<\/td>\n\t\t\t\t\t\t\t\t\t\t\t\t\t\t<\/tr><tr data-entry=\"3\" class=\"uael-table-row\">\n\t\t\t\t\t\t\t\t\t\t\t\t\t\t\t\t\t\t<td class=\"uael-table-col uael-table-body-cell-text elementor-repeater-item-af76b6a\">\n\t\t\t\t\t\t\t\t\t\t\t\t\t\t\t<span class=\"uael-table__text\">\n\t\t\t\t\t\t\t\t\t\t\t\t\t\t\t\t\t\t\t\t\t\t\t\t\t\t\t\t\t\t\t\t\t\t\t\t\t<span class=\"uael-table__text-inner\">Marke<\/span>\n\t\t\t\t\t\t\t\t\t\t\t\t\t\t\t\t\t\t\t\t\t\t\t\t\t\t\t\t\t\t\t\t\t\t\t\t<\/span>\n\t\t\t\t\t\t\t\t\t\t\t\t\t<\/td>\n\t\t\t\t\t\t\t\t\t\t\t\t\t<td class=\"uael-table-col uael-table-body-cell-text elementor-repeater-item-65ffff0\">\n\t\t\t\t\t\t\t\t\t\t\t\t\t\t\t<span class=\"uael-table__text\">\n\t\t\t\t\t\t\t\t\t\t\t\t\t\t\t\t\t\t\t\t\t\t\t\t\t\t\t\t\t\t\t\t\t\t\t\t\t<span class=\"uael-table__text-inner\">FlatPower<\/span>\n\t\t\t\t\t\t\t\t\t\t\t\t\t\t\t\t\t\t\t\t\t\t\t\t\t\t\t\t\t\t\t\t\t\t\t\t<\/span>\n\t\t\t\t\t\t\t\t\t\t\t\t\t<\/td>\n\t\t\t\t\t\t\t\t\t\t\t\t\t\t<\/tr><tr data-entry=\"4\" class=\"uael-table-row\">\n\t\t\t\t\t\t\t\t\t\t\t\t\t\t\t\t\t\t<td class=\"uael-table-col uael-table-body-cell-text elementor-repeater-item-3bd2ea1\">\n\t\t\t\t\t\t\t\t\t\t\t\t\t\t\t<span class=\"uael-table__text\">\n\t\t\t\t\t\t\t\t\t\t\t\t\t\t\t\t\t\t\t\t\t\t\t\t\t\t\t\t\t\t\t\t\t\t\t\t\t<span class=\"uael-table__text-inner\">Geh\u00e4use-Anschl\u00fcsse<\/span>\n\t\t\t\t\t\t\t\t\t\t\t\t\t\t\t\t\t\t\t\t\t\t\t\t\t\t\t\t\t\t\t\t\t\t\t\t<\/span>\n\t\t\t\t\t\t\t\t\t\t\t\t\t<\/td>\n\t\t\t\t\t\t\t\t\t\t\t\t\t<td class=\"uael-table-col uael-table-body-cell-text elementor-repeater-item-b7821f8\">\n\t\t\t\t\t\t\t\t\t\t\t\t\t\t\t<span class=\"uael-table__text\">\n\t\t\t\t\t\t\t\t\t\t\t\t\t\t\t\t\t\t\t\t\t\t\t\t\t\t\t\t\t\t\t\t\t\t\t\t\t<span class=\"uael-table__text-inner\">Schlagfester Kunststoff, wasserdicht (IP55)<\/span>\n\t\t\t\t\t\t\t\t\t\t\t\t\t\t\t\t\t\t\t\t\t\t\t\t\t\t\t\t\t\t\t\t\t\t\t\t<\/span>\n\t\t\t\t\t\t\t\t\t\t\t\t\t<\/td>\n\t\t\t\t\t\t\t\t\t\t\t\t\t\t<\/tr><tr data-entry=\"5\" class=\"uael-table-row\">\n\t\t\t\t\t\t\t\t\t\t\t\t\t\t\t\t\t\t<td class=\"uael-table-col uael-table-body-cell-text elementor-repeater-item-fbdcf35\">\n\t\t\t\t\t\t\t\t\t\t\t\t\t\t\t<span class=\"uael-table__text\">\n\t\t\t\t\t\t\t\t\t\t\t\t\t\t\t\t\t\t\t\t\t\t\t\t\t\t\t\t\t\t\t\t\t\t\t\t\t<span class=\"uael-table__text-inner\">Strom<\/span>\n\t\t\t\t\t\t\t\t\t\t\t\t\t\t\t\t\t\t\t\t\t\t\t\t\t\t\t\t\t\t\t\t\t\t\t\t<\/span>\n\t\t\t\t\t\t\t\t\t\t\t\t\t<\/td>\n\t\t\t\t\t\t\t\t\t\t\t\t\t<td class=\"uael-table-col uael-table-body-cell-text elementor-repeater-item-5379ea9\">\n\t\t\t\t\t\t\t\t\t\t\t\t\t\t\t<span class=\"uael-table__text\">\n\t\t\t\t\t\t\t\t\t\t\t\t\t\t\t\t\t\t\t\t\t\t\t\t\t\t\t\t\t\t\t\t\t\t\t\t\t<span class=\"uael-table__text-inner\">11 kW<\/span>\n\t\t\t\t\t\t\t\t\t\t\t\t\t\t\t\t\t\t\t\t\t\t\t\t\t\t\t\t\t\t\t\t\t\t\t\t<\/span>\n\t\t\t\t\t\t\t\t\t\t\t\t\t<\/td>\n\t\t\t\t\t\t\t\t\t\t\t\t\t\t<\/tr><tr data-entry=\"6\" class=\"uael-table-row\">\n\t\t\t\t\t\t\t\t\t\t\t\t\t\t\t\t\t\t<td class=\"uael-table-col uael-table-body-cell-text elementor-repeater-item-d51e505\">\n\t\t\t\t\t\t\t\t\t\t\t\t\t\t\t<span class=\"uael-table__text\">\n\t\t\t\t\t\t\t\t\t\t\t\t\t\t\t\t\t\t\t\t\t\t\t\t\t\t\t\t\t\t\t\t\t\t\t\t\t<span class=\"uael-table__text-inner\">Phase<\/span>\n\t\t\t\t\t\t\t\t\t\t\t\t\t\t\t\t\t\t\t\t\t\t\t\t\t\t\t\t\t\t\t\t\t\t\t\t<\/span>\n\t\t\t\t\t\t\t\t\t\t\t\t\t<\/td>\n\t\t\t\t\t\t\t\t\t\t\t\t\t<td class=\"uael-table-col uael-table-body-cell-text elementor-repeater-item-7c16500\">\n\t\t\t\t\t\t\t\t\t\t\t\t\t\t\t<span class=\"uael-table__text\">\n\t\t\t\t\t\t\t\t\t\t\t\t\t\t\t\t\t\t\t\t\t\t\t\t\t\t\t\t\t\t\t\t\t\t\t\t\t<span class=\"uael-table__text-inner\">3 Phase<\/span>\n\t\t\t\t\t\t\t\t\t\t\t\t\t\t\t\t\t\t\t\t\t\t\t\t\t\t\t\t\t\t\t\t\t\t\t\t<\/span>\n\t\t\t\t\t\t\t\t\t\t\t\t\t<\/td>\n\t\t\t\t\t\t\t\t\t\t\t\t\t\t<\/tr><tr data-entry=\"7\" class=\"uael-table-row\">\n\t\t\t\t\t\t\t\t\t\t\t\t\t\t\t\t\t\t<td class=\"uael-table-col uael-table-body-cell-text elementor-repeater-item-66c53b6\">\n\t\t\t\t\t\t\t\t\t\t\t\t\t\t\t<span class=\"uael-table__text\">\n\t\t\t\t\t\t\t\t\t\t\t\t\t\t\t\t\t\t\t\t\t\t\t\t\t\t\t\t\t\t\t\t\t\t\t\t\t<span class=\"uael-table__text-inner\">Garantie<\/span>\n\t\t\t\t\t\t\t\t\t\t\t\t\t\t\t\t\t\t\t\t\t\t\t\t\t\t\t\t\t\t\t\t\t\t\t\t<\/span>\n\t\t\t\t\t\t\t\t\t\t\t\t\t<\/td>\n\t\t\t\t\t\t\t\t\t\t\t\t\t<td class=\"uael-table-col uael-table-body-cell-text elementor-repeater-item-c91b460\">\n\t\t\t\t\t\t\t\t\t\t\t\t\t\t\t<span class=\"uael-table__text\">\n\t\t\t\t\t\t\t\t\t\t\t\t\t\t\t\t\t\t\t\t\t\t\t\t\t\t\t\t\t\t\t\t\t\t\t\t\t<span class=\"uael-table__text-inner\">2 Jahre<\/span>\n\t\t\t\t\t\t\t\t\t\t\t\t\t\t\t\t\t\t\t\t\t\t\t\t\t\t\t\t\t\t\t\t\t\t\t\t<\/span>\n\t\t\t\t\t\t\t\t\t\t\t\t\t<\/td>\n\t\t\t\t\t\t\t\t\t<\/tbody>\n\t<\/table>\n\t\t<\/div>\n\t\t\t\t<\/div>\n\t\t\t\t<\/div>\n\t\t\t\t<\/div>\n\t\t\t\t\t<\/div>\n\t\t\t\t<\/div>\n\t\t<div class=\"elementor-element elementor-element-9ede5e2 e-flex e-con-boxed e-con e-parent\" data-id=\"9ede5e2\" data-element_type=\"container\" data-e-type=\"container\">\n\t\t\t\t\t<div class=\"e-con-inner\">\n\t\t<div class=\"elementor-element elementor-element-b3fcefa e-con-full e-flex e-con e-child\" data-id=\"b3fcefa\" data-element_type=\"container\" data-e-type=\"container\">\n\t\t\t\t<\/div>\n\t\t<div class=\"elementor-element elementor-element-8685184 e-con-full e-flex e-con e-child\" data-id=\"8685184\" data-element_type=\"container\" data-e-type=\"container\">\n\t\t\t\t<\/div>\n\t\t\t\t\t<\/div>\n\t\t\t\t<\/div>\n\t\t\t\t<\/div>\n\t\t","protected":false},"excerpt":{"rendered":"<p>Spezifikationen Ladeleistung Das FlatPower-Ladekabel hat eine maximale Ladeleistung von 11 kW. Kompatibilit\u00e4tDas Kabel ist f\u00fcr alle Elektro- und Plug-in-Hybridautos mit einem Typ-2-Anschluss geeignet. WetterfestOb Regen oder Sonnenschein, Sie k\u00f6nnen sich immer auf eine zuverl\u00e4ssige Ladung verlassen. Spezifikationen Das FlatPower-Ladekabel ist f\u00fcr alle Elektro- und Plug-in-Hybridautos mit einem Typ-2-Anschluss geeignet und kann bis zu 11 kW [&hellip;]<\/p>\n","protected":false},"author":1,"featured_media":0,"parent":0,"menu_order":0,"comment_status":"closed","ping_status":"closed","template":"","meta":{"footnotes":""},"categories":[],"tags":[],"class_list":["post-1937","page","type-page","status-publish","hentry"],"yoast_head":"<!-- This site is optimized with the Yoast SEO plugin v27.3 - https:\/\/yoast.com\/product\/yoast-seo-wordpress\/ -->\n<title>Spezifikationen - FlatPower<\/title>\n<meta name=\"robots\" content=\"index, follow, max-snippet:-1, max-image-preview:large, max-video-preview:-1\" \/>\n<link rel=\"canonical\" href=\"https:\/\/flatpower.tech\/de\/spezifikationen\/\" \/>\n<meta property=\"og:locale\" content=\"de_DE\" \/>\n<meta property=\"og:type\" content=\"article\" \/>\n<meta property=\"og:title\" content=\"Spezifikationen - FlatPower\" \/>\n<meta property=\"og:description\" content=\"Spezifikationen Ladeleistung Das FlatPower-Ladekabel hat eine maximale Ladeleistung von 11 kW. Kompatibilit\u00e4tDas Kabel ist f\u00fcr alle Elektro- und Plug-in-Hybridautos mit einem Typ-2-Anschluss geeignet. WetterfestOb Regen oder Sonnenschein, Sie k\u00f6nnen sich immer auf eine zuverl\u00e4ssige Ladung verlassen. Spezifikationen Das FlatPower-Ladekabel ist f\u00fcr alle Elektro- und Plug-in-Hybridautos mit einem Typ-2-Anschluss geeignet und kann bis zu 11 kW [&hellip;]\" \/>\n<meta property=\"og:url\" content=\"https:\/\/flatpower.tech\/de\/spezifikationen\/\" \/>\n<meta property=\"og:site_name\" content=\"FlatPower\" \/>\n<meta property=\"article:modified_time\" content=\"2024-11-06T10:17:49+00:00\" \/>\n<meta name=\"twitter:card\" content=\"summary_large_image\" \/>\n<meta name=\"twitter:label1\" content=\"Gesch\u00e4tzte Lesezeit\" \/>\n\t<meta name=\"twitter:data1\" content=\"1\u00a0Minute\" \/>\n<script type=\"application\/ld+json\" class=\"yoast-schema-graph\">{\"@context\":\"https:\\\/\\\/schema.org\",\"@graph\":[{\"@type\":\"WebPage\",\"@id\":\"https:\\\/\\\/flatpower.tech\\\/de\\\/spezifikationen\\\/\",\"url\":\"https:\\\/\\\/flatpower.tech\\\/de\\\/spezifikationen\\\/\",\"name\":\"Spezifikationen - FlatPower\",\"isPartOf\":{\"@id\":\"https:\\\/\\\/flatpower.tech\\\/de\\\/#website\"},\"datePublished\":\"2024-03-15T10:11:26+00:00\",\"dateModified\":\"2024-11-06T10:17:49+00:00\",\"breadcrumb\":{\"@id\":\"https:\\\/\\\/flatpower.tech\\\/de\\\/spezifikationen\\\/#breadcrumb\"},\"inLanguage\":\"de\",\"potentialAction\":[{\"@type\":\"ReadAction\",\"target\":[\"https:\\\/\\\/flatpower.tech\\\/de\\\/spezifikationen\\\/\"]}]},{\"@type\":\"BreadcrumbList\",\"@id\":\"https:\\\/\\\/flatpower.tech\\\/de\\\/spezifikationen\\\/#breadcrumb\",\"itemListElement\":[{\"@type\":\"ListItem\",\"position\":1,\"name\":\"Home\",\"item\":\"https:\\\/\\\/flatpower.tech\\\/de\\\/flatpower\\\/\"},{\"@type\":\"ListItem\",\"position\":2,\"name\":\"Spezifikationen\"}]},{\"@type\":\"WebSite\",\"@id\":\"https:\\\/\\\/flatpower.tech\\\/de\\\/#website\",\"url\":\"https:\\\/\\\/flatpower.tech\\\/de\\\/\",\"name\":\"FlatPower\",\"description\":\"Innovatie in Elektrisch Opladen\",\"publisher\":{\"@id\":\"https:\\\/\\\/flatpower.tech\\\/de\\\/#organization\"},\"potentialAction\":[{\"@type\":\"SearchAction\",\"target\":{\"@type\":\"EntryPoint\",\"urlTemplate\":\"https:\\\/\\\/flatpower.tech\\\/de\\\/?s={search_term_string}\"},\"query-input\":{\"@type\":\"PropertyValueSpecification\",\"valueRequired\":true,\"valueName\":\"search_term_string\"}}],\"inLanguage\":\"de\"},{\"@type\":\"Organization\",\"@id\":\"https:\\\/\\\/flatpower.tech\\\/de\\\/#organization\",\"name\":\"FlatPower\",\"url\":\"https:\\\/\\\/flatpower.tech\\\/de\\\/\",\"logo\":{\"@type\":\"ImageObject\",\"inLanguage\":\"de\",\"@id\":\"https:\\\/\\\/flatpower.tech\\\/de\\\/#\\\/schema\\\/logo\\\/image\\\/\",\"url\":\"https:\\\/\\\/flatpower.tech\\\/wp-content\\\/uploads\\\/2024\\\/03\\\/FlatPower-Logo-e1711374673710.png\",\"contentUrl\":\"https:\\\/\\\/flatpower.tech\\\/wp-content\\\/uploads\\\/2024\\\/03\\\/FlatPower-Logo-e1711374673710.png\",\"width\":200,\"height\":54,\"caption\":\"FlatPower\"},\"image\":{\"@id\":\"https:\\\/\\\/flatpower.tech\\\/de\\\/#\\\/schema\\\/logo\\\/image\\\/\"}}]}<\/script>\n<!-- \/ Yoast SEO plugin. -->","yoast_head_json":{"title":"Spezifikationen - FlatPower","robots":{"index":"index","follow":"follow","max-snippet":"max-snippet:-1","max-image-preview":"max-image-preview:large","max-video-preview":"max-video-preview:-1"},"canonical":"https:\/\/flatpower.tech\/de\/spezifikationen\/","og_locale":"de_DE","og_type":"article","og_title":"Spezifikationen - FlatPower","og_description":"Spezifikationen Ladeleistung Das FlatPower-Ladekabel hat eine maximale Ladeleistung von 11 kW. Kompatibilit\u00e4tDas Kabel ist f\u00fcr alle Elektro- und Plug-in-Hybridautos mit einem Typ-2-Anschluss geeignet. WetterfestOb Regen oder Sonnenschein, Sie k\u00f6nnen sich immer auf eine zuverl\u00e4ssige Ladung verlassen. Spezifikationen Das FlatPower-Ladekabel ist f\u00fcr alle Elektro- und Plug-in-Hybridautos mit einem Typ-2-Anschluss geeignet und kann bis zu 11 kW [&hellip;]","og_url":"https:\/\/flatpower.tech\/de\/spezifikationen\/","og_site_name":"FlatPower","article_modified_time":"2024-11-06T10:17:49+00:00","twitter_card":"summary_large_image","twitter_misc":{"Gesch\u00e4tzte Lesezeit":"1\u00a0Minute"},"schema":{"@context":"https:\/\/schema.org","@graph":[{"@type":"WebPage","@id":"https:\/\/flatpower.tech\/de\/spezifikationen\/","url":"https:\/\/flatpower.tech\/de\/spezifikationen\/","name":"Spezifikationen - FlatPower","isPartOf":{"@id":"https:\/\/flatpower.tech\/de\/#website"},"datePublished":"2024-03-15T10:11:26+00:00","dateModified":"2024-11-06T10:17:49+00:00","breadcrumb":{"@id":"https:\/\/flatpower.tech\/de\/spezifikationen\/#breadcrumb"},"inLanguage":"de","potentialAction":[{"@type":"ReadAction","target":["https:\/\/flatpower.tech\/de\/spezifikationen\/"]}]},{"@type":"BreadcrumbList","@id":"https:\/\/flatpower.tech\/de\/spezifikationen\/#breadcrumb","itemListElement":[{"@type":"ListItem","position":1,"name":"Home","item":"https:\/\/flatpower.tech\/de\/flatpower\/"},{"@type":"ListItem","position":2,"name":"Spezifikationen"}]},{"@type":"WebSite","@id":"https:\/\/flatpower.tech\/de\/#website","url":"https:\/\/flatpower.tech\/de\/","name":"FlatPower","description":"Innovatie in Elektrisch Opladen","publisher":{"@id":"https:\/\/flatpower.tech\/de\/#organization"},"potentialAction":[{"@type":"SearchAction","target":{"@type":"EntryPoint","urlTemplate":"https:\/\/flatpower.tech\/de\/?s={search_term_string}"},"query-input":{"@type":"PropertyValueSpecification","valueRequired":true,"valueName":"search_term_string"}}],"inLanguage":"de"},{"@type":"Organization","@id":"https:\/\/flatpower.tech\/de\/#organization","name":"FlatPower","url":"https:\/\/flatpower.tech\/de\/","logo":{"@type":"ImageObject","inLanguage":"de","@id":"https:\/\/flatpower.tech\/de\/#\/schema\/logo\/image\/","url":"https:\/\/flatpower.tech\/wp-content\/uploads\/2024\/03\/FlatPower-Logo-e1711374673710.png","contentUrl":"https:\/\/flatpower.tech\/wp-content\/uploads\/2024\/03\/FlatPower-Logo-e1711374673710.png","width":200,"height":54,"caption":"FlatPower"},"image":{"@id":"https:\/\/flatpower.tech\/de\/#\/schema\/logo\/image\/"}}]}},"_links":{"self":[{"href":"https:\/\/flatpower.tech\/de\/wp-json\/wp\/v2\/pages\/1937","targetHints":{"allow":["GET"]}}],"collection":[{"href":"https:\/\/flatpower.tech\/de\/wp-json\/wp\/v2\/pages"}],"about":[{"href":"https:\/\/flatpower.tech\/de\/wp-json\/wp\/v2\/types\/page"}],"author":[{"embeddable":true,"href":"https:\/\/flatpower.tech\/de\/wp-json\/wp\/v2\/users\/1"}],"replies":[{"embeddable":true,"href":"https:\/\/flatpower.tech\/de\/wp-json\/wp\/v2\/comments?post=1937"}],"version-history":[{"count":6,"href":"https:\/\/flatpower.tech\/de\/wp-json\/wp\/v2\/pages\/1937\/revisions"}],"predecessor-version":[{"id":2073,"href":"https:\/\/flatpower.tech\/de\/wp-json\/wp\/v2\/pages\/1937\/revisions\/2073"}],"wp:attachment":[{"href":"https:\/\/flatpower.tech\/de\/wp-json\/wp\/v2\/media?parent=1937"}],"wp:term":[{"taxonomy":"category","embeddable":true,"href":"https:\/\/flatpower.tech\/de\/wp-json\/wp\/v2\/categories?post=1937"},{"taxonomy":"post_tag","embeddable":true,"href":"https:\/\/flatpower.tech\/de\/wp-json\/wp\/v2\/tags?post=1937"}],"curies":[{"name":"wp","href":"https:\/\/api.w.org\/{rel}","templated":true}]}}