{"id":3821,"date":"2026-02-25T19:57:40","date_gmt":"2026-02-25T19:57:40","guid":{"rendered":"https:\/\/flatpower.tech\/?page_id=3821"},"modified":"2026-02-25T19:57:40","modified_gmt":"2026-02-25T19:57:40","slug":"was-ist-flatpower-5","status":"publish","type":"page","link":"https:\/\/flatpower.tech\/de\/was-ist-flatpower-5\/","title":{"rendered":"Was ist FlatPower?"},"content":{"rendered":"\t\t<div data-elementor-type=\"wp-page\" data-elementor-id=\"3821\" class=\"elementor elementor-3821\" data-elementor-post-type=\"page\">\n\t\t\t\t<div class=\"elementor-element elementor-element-162fb940 e-con-full e-flex e-con e-parent\" data-id=\"162fb940\" data-element_type=\"container\" data-e-type=\"container\" data-settings=\"{&quot;background_background&quot;:&quot;classic&quot;,&quot;motion_fx_motion_fx_scrolling&quot;:&quot;yes&quot;,&quot;motion_fx_devices&quot;:[&quot;desktop&quot;,&quot;tablet&quot;,&quot;mobile&quot;]}\">\n\t\t<div class=\"elementor-element elementor-element-375c359c e-con-full e-flex e-con e-child\" data-id=\"375c359c\" data-element_type=\"container\" data-e-type=\"container\">\n\t\t\t\t<\/div>\n\t\t<div class=\"elementor-element elementor-element-6f085d78 e-con-full e-flex e-con e-child\" data-id=\"6f085d78\" data-element_type=\"container\" data-e-type=\"container\">\n\t\t\t\t<div class=\"elementor-element elementor-element-52722a33 elementor-widget elementor-widget-heading\" data-id=\"52722a33\" data-element_type=\"widget\" data-e-type=\"widget\" data-widget_type=\"heading.default\">\n\t\t\t\t<div class=\"elementor-widget-container\">\n\t\t\t\t\t<h1 class=\"elementor-heading-title elementor-size-default\">Was ist <b> FlatPower?<\/h1>\t\t\t\t<\/div>\n\t\t\t\t<\/div>\n\t\t\t\t<div class=\"elementor-element elementor-element-3bd02b93 elementor-widget elementor-widget-text-editor\" data-id=\"3bd02b93\" data-element_type=\"widget\" data-e-type=\"widget\" data-widget_type=\"text-editor.default\">\n\t\t\t\t<div class=\"elementor-widget-container\">\n\t\t\t\t\t\t\t\t\t<p>Willkommen bei FlatPower, eine Innovation zum sicheren Aufladen Ihres elektrischen Autos auf dem B\u00fcrgersteig.<\/p>\n<p>Eine Idee, die im Jahr 2021 geboren wurde. Ein Unternehmer aus Noordwijk (Niederlande) erkannte ein dringendes Problem: Viele von uns Besitzern von elektrischen Autos stehen vor der Herausforderung, ihre Autos aufzuladen, ohne den Komfort eines eigenen Parkplatzes oder einer eigenen Einfahrt zu haben. Die Suche nach nachhaltigen und einfachen Ladem\u00f6glichkeiten f\u00fchrte zu kreativen, aber oft unsicheren L\u00f6sungen wie lose Kabel, die sich \u00fcber B\u00fcrgersteige schl\u00e4ngeln, Kabelmatten, Br\u00fccken oder sogar Fu\u00dfmatten.  <\/p>\t\t\t\t\t\t\t\t<\/div>\n\t\t\t\t<\/div>\n\t\t\t\t<\/div>\n\t\t\t\t<\/div>\n\t\t<div class=\"elementor-element elementor-element-1c81206 e-con-full e-flex e-con e-parent\" data-id=\"1c81206\" data-element_type=\"container\" data-e-type=\"container\" data-settings=\"{&quot;background_background&quot;:&quot;classic&quot;}\">\n\t\t<div class=\"elementor-element elementor-element-54baf47 e-con-full e-flex e-con e-child\" data-id=\"54baf47\" data-element_type=\"container\" data-e-type=\"container\">\n\t\t\t\t<div class=\"elementor-element elementor-element-f296d24 elementor-widget elementor-widget-image\" data-id=\"f296d24\" data-element_type=\"widget\" data-e-type=\"widget\" data-settings=\"{&quot;motion_fx_motion_fx_scrolling&quot;:&quot;yes&quot;,&quot;motion_fx_translateX_effect&quot;:&quot;yes&quot;,&quot;motion_fx_translateX_direction&quot;:&quot;negative&quot;,&quot;motion_fx_translateX_speed&quot;:{&quot;unit&quot;:&quot;px&quot;,&quot;size&quot;:10,&quot;sizes&quot;:[]},&quot;motion_fx_translateX_affectedRange&quot;:{&quot;unit&quot;:&quot;%&quot;,&quot;size&quot;:&quot;&quot;,&quot;sizes&quot;:{&quot;start&quot;:0,&quot;end&quot;:53}},&quot;motion_fx_devices&quot;:[&quot;desktop&quot;,&quot;tablet&quot;,&quot;mobile&quot;]}\" data-widget_type=\"image.default\">\n\t\t\t\t<div class=\"elementor-widget-container\">\n\t\t\t\t\t\t\t\t\t\t\t\t\t\t\t<img fetchpriority=\"high\" decoding=\"async\" width=\"800\" height=\"800\" src=\"https:\/\/flatpower.tech\/wp-content\/uploads\/2024\/03\/Kabel-links-1024x1024.webp\" class=\"attachment-large size-large wp-image-1285\" alt=\"\" srcset=\"https:\/\/flatpower.tech\/wp-content\/uploads\/2024\/03\/Kabel-links-1024x1024.webp 1024w, https:\/\/flatpower.tech\/wp-content\/uploads\/2024\/03\/Kabel-links-300x300.webp 300w, https:\/\/flatpower.tech\/wp-content\/uploads\/2024\/03\/Kabel-links-100x100.webp 100w, https:\/\/flatpower.tech\/wp-content\/uploads\/2024\/03\/Kabel-links-600x600.webp 600w, https:\/\/flatpower.tech\/wp-content\/uploads\/2024\/03\/Kabel-links-150x150.webp 150w, https:\/\/flatpower.tech\/wp-content\/uploads\/2024\/03\/Kabel-links-768x768.webp 768w, https:\/\/flatpower.tech\/wp-content\/uploads\/2024\/03\/Kabel-links.webp 1100w\" sizes=\"(max-width: 800px) 100vw, 800px\" \/>\t\t\t\t\t\t\t\t\t\t\t\t\t\t\t<\/div>\n\t\t\t\t<\/div>\n\t\t\t\t<\/div>\n\t\t<div class=\"elementor-element elementor-element-bff3d5e e-con-full e-flex e-con e-child\" data-id=\"bff3d5e\" data-element_type=\"container\" data-e-type=\"container\">\n\t\t\t\t<div class=\"elementor-element elementor-element-abfd230 elementor-widget elementor-widget-heading\" data-id=\"abfd230\" data-element_type=\"widget\" data-e-type=\"widget\" data-widget_type=\"heading.default\">\n\t\t\t\t<div class=\"elementor-widget-container\">\n\t\t\t\t\t<h1 class=\"elementor-heading-title elementor-size-default\">Die Geburt <br>von FlatPower<\/h1>\t\t\t\t<\/div>\n\t\t\t\t<\/div>\n\t\t\t\t<div class=\"elementor-element elementor-element-a7d1f6f elementor-widget elementor-widget-text-editor\" data-id=\"a7d1f6f\" data-element_type=\"widget\" data-e-type=\"widget\" data-widget_type=\"text-editor.default\">\n\t\t\t\t<div class=\"elementor-widget-container\">\n\t\t\t\t\t\t\t\t\t<p>Dieses Problem inspirierte zu Ma\u00dfnahmen und f\u00fchrte zur Geburt von FlatPower. Das Ziel war klar: ein Produkt zu entwickeln, das Elektrofahrzeugbesitzern erm\u00f6glicht, ihr Auto einfach und sicher aufzuladen, selbst wenn das Ladekabel den Gehweg kreuzt. Nicht nur diejenigen ohne Einfahrt oder Parkplatz in die Lage versetzen, ihren Strom zum Laden zu nutzen, sondern auch eine L\u00f6sung bieten, um die Abh\u00e4ngigkeit von oft teuren und nicht immer verf\u00fcgbaren \u00f6ffentlichen Ladestationen zu verringern.  <\/p><p>Nach drei Jahren Brainstorming, Entwicklung, Tests, Weiterentwicklung und erneuten Tests ist das FlatPower-Ladekabel endlich f\u00fcr Sie erh\u00e4ltlich. Entwickelt in den Niederlanden, vollst\u00e4ndig produziert in der EU. <\/p>\t\t\t\t\t\t\t\t<\/div>\n\t\t\t\t<\/div>\n\t\t\t\t<div class=\"elementor-element elementor-element-e5ea89a elementor-widget elementor-widget-image\" data-id=\"e5ea89a\" data-element_type=\"widget\" data-e-type=\"widget\" data-settings=\"{&quot;motion_fx_motion_fx_scrolling&quot;:&quot;yes&quot;,&quot;motion_fx_translateX_effect&quot;:&quot;yes&quot;,&quot;motion_fx_translateX_speed&quot;:{&quot;unit&quot;:&quot;px&quot;,&quot;size&quot;:10,&quot;sizes&quot;:[]},&quot;motion_fx_translateX_affectedRange&quot;:{&quot;unit&quot;:&quot;%&quot;,&quot;size&quot;:&quot;&quot;,&quot;sizes&quot;:{&quot;start&quot;:0,&quot;end&quot;:52}},&quot;motion_fx_devices&quot;:[&quot;desktop&quot;,&quot;tablet&quot;,&quot;mobile&quot;]}\" data-widget_type=\"image.default\">\n\t\t\t\t<div class=\"elementor-widget-container\">\n\t\t\t\t\t\t\t\t\t\t\t\t\t\t\t<img decoding=\"async\" width=\"768\" height=\"768\" src=\"https:\/\/flatpower.tech\/wp-content\/uploads\/2024\/03\/Kabel-rechts-768x768.webp\" class=\"attachment-medium_large size-medium_large wp-image-1288\" alt=\"\" srcset=\"https:\/\/flatpower.tech\/wp-content\/uploads\/2024\/03\/Kabel-rechts-768x768.webp 768w, https:\/\/flatpower.tech\/wp-content\/uploads\/2024\/03\/Kabel-rechts-300x300.webp 300w, https:\/\/flatpower.tech\/wp-content\/uploads\/2024\/03\/Kabel-rechts-100x100.webp 100w, https:\/\/flatpower.tech\/wp-content\/uploads\/2024\/03\/Kabel-rechts-600x600.webp 600w, https:\/\/flatpower.tech\/wp-content\/uploads\/2024\/03\/Kabel-rechts-1024x1024.webp 1024w, https:\/\/flatpower.tech\/wp-content\/uploads\/2024\/03\/Kabel-rechts-150x150.webp 150w, https:\/\/flatpower.tech\/wp-content\/uploads\/2024\/03\/Kabel-rechts.webp 1100w\" sizes=\"(max-width: 768px) 100vw, 768px\" \/>\t\t\t\t\t\t\t\t\t\t\t\t\t\t\t<\/div>\n\t\t\t\t<\/div>\n\t\t\t\t<\/div>\n\t\t\t\t<\/div>\n\t\t<div class=\"elementor-element elementor-element-75975f7 e-flex e-con-boxed e-con e-parent\" data-id=\"75975f7\" data-element_type=\"container\" data-e-type=\"container\" data-settings=\"{&quot;background_background&quot;:&quot;classic&quot;}\">\n\t\t\t\t\t<div class=\"e-con-inner\">\n\t\t\t\t<div class=\"elementor-element elementor-element-ad6d4c9 elementor-widget elementor-widget-heading\" data-id=\"ad6d4c9\" data-element_type=\"widget\" data-e-type=\"widget\" data-widget_type=\"heading.default\">\n\t\t\t\t<div class=\"elementor-widget-container\">\n\t\t\t\t\t<h2 class=\"elementor-heading-title elementor-size-default\">Eine <b>gr\u00fcnere Zukunft<\/h2>\t\t\t\t<\/div>\n\t\t\t\t<\/div>\n\t\t\t\t<div class=\"elementor-element elementor-element-1cc469a elementor-widget elementor-widget-text-editor\" data-id=\"1cc469a\" data-element_type=\"widget\" data-e-type=\"widget\" data-widget_type=\"text-editor.default\">\n\t\t\t\t<div class=\"elementor-widget-container\">\n\t\t\t\t\t\t\t\t\t<p>Wir bei FlatPower glauben, dass Innovation der Schl\u00fcssel zur F\u00f6rderung der Elektromobilit\u00e4t und zur Verringerung des CO2-Fu\u00dfabdrucks ist. Unsere Mission ist es, ein nahtloses und nachhaltiges Ladeerlebnis f\u00fcr jeden zu bieten, unabh\u00e4ngig von seiner Lebenssituation. <\/p>\t\t\t\t\t\t\t\t<\/div>\n\t\t\t\t<\/div>\n\t\t\t\t<div class=\"elementor-element elementor-element-b9e766f elementor-align-center elementor-widget elementor-widget-button\" data-id=\"b9e766f\" data-element_type=\"widget\" data-e-type=\"widget\" data-widget_type=\"button.default\">\n\t\t\t\t<div class=\"elementor-widget-container\">\n\t\t\t\t\t\t\t\t\t<div class=\"elementor-button-wrapper\">\n\t\t\t\t\t<a class=\"elementor-button elementor-button-link elementor-size-sm\" href=\"https:\/\/flatpower.tech\/de\/produkt\/flatpower-ladekabel\/\">\n\t\t\t\t\t\t<span class=\"elementor-button-content-wrapper\">\n\t\t\t\t\t\t\t\t\t<span class=\"elementor-button-text\">BESTELLEN<\/span>\n\t\t\t\t\t<\/span>\n\t\t\t\t\t<\/a>\n\t\t\t\t<\/div>\n\t\t\t\t\t\t\t\t<\/div>\n\t\t\t\t<\/div>\n\t\t\t\t\t<\/div>\n\t\t\t\t<\/div>\n\t\t<div class=\"elementor-element elementor-element-efbe5b3 e-flex e-con-boxed e-con e-parent\" data-id=\"efbe5b3\" data-element_type=\"container\" data-e-type=\"container\" data-settings=\"{&quot;background_background&quot;:&quot;video&quot;,&quot;background_video_link&quot;:&quot;https:\\\/\\\/youtu.be\\\/RyxWsTxuWwk&quot;,&quot;background_privacy_mode&quot;:&quot;yes&quot;,&quot;background_play_on_mobile&quot;:&quot;yes&quot;}\">\n\t\t\t\t\t<div class=\"e-con-inner\">\n\t\t<div class=\"elementor-background-video-container\">\n\t\t\t\t\t\t\t<div class=\"elementor-background-video-embed\" role=\"presentation\"><\/div>\n\t\t\t\t\t\t<\/div>\t\t\t<\/div>\n\t\t\t\t<\/div>\n\t\t\t\t<\/div>\n\t\t","protected":false},"excerpt":{"rendered":"<p>Was ist FlatPower? Willkommen bei FlatPower, eine Innovation zum sicheren Aufladen Ihres elektrischen Autos auf dem B\u00fcrgersteig. Eine Idee, die im Jahr 2021 geboren wurde. Ein Unternehmer aus Noordwijk (Niederlande) erkannte ein dringendes Problem: Viele von uns Besitzern von elektrischen Autos stehen vor der Herausforderung, ihre Autos aufzuladen, ohne den Komfort eines eigenen Parkplatzes oder [&hellip;]<\/p>\n","protected":false},"author":9,"featured_media":0,"parent":0,"menu_order":0,"comment_status":"closed","ping_status":"closed","template":"","meta":{"footnotes":""},"categories":[],"tags":[],"class_list":["post-3821","page","type-page","status-publish","hentry"],"yoast_head":"<!-- This site is optimized with the Yoast SEO plugin v27.3 - https:\/\/yoast.com\/product\/yoast-seo-wordpress\/ -->\n<title>Was ist FlatPower? - FlatPower<\/title>\n<meta name=\"robots\" content=\"index, follow, max-snippet:-1, max-image-preview:large, max-video-preview:-1\" \/>\n<link rel=\"canonical\" href=\"https:\/\/flatpower.tech\/de\/was-ist-flatpower-5\/\" \/>\n<meta property=\"og:locale\" content=\"de_DE\" \/>\n<meta property=\"og:type\" content=\"article\" \/>\n<meta property=\"og:title\" content=\"Was ist FlatPower? - FlatPower\" \/>\n<meta property=\"og:description\" content=\"Was ist FlatPower? Willkommen bei FlatPower, eine Innovation zum sicheren Aufladen Ihres elektrischen Autos auf dem B\u00fcrgersteig. Eine Idee, die im Jahr 2021 geboren wurde. Ein Unternehmer aus Noordwijk (Niederlande) erkannte ein dringendes Problem: Viele von uns Besitzern von elektrischen Autos stehen vor der Herausforderung, ihre Autos aufzuladen, ohne den Komfort eines eigenen Parkplatzes oder [&hellip;]\" \/>\n<meta property=\"og:url\" content=\"https:\/\/flatpower.tech\/de\/was-ist-flatpower-5\/\" \/>\n<meta property=\"og:site_name\" content=\"FlatPower\" \/>\n<meta property=\"og:image\" content=\"https:\/\/flatpower.tech\/wp-content\/uploads\/2024\/03\/Kabel-links.webp\" \/>\n\t<meta property=\"og:image:width\" content=\"1100\" \/>\n\t<meta property=\"og:image:height\" content=\"1100\" \/>\n\t<meta property=\"og:image:type\" content=\"image\/webp\" \/>\n<meta name=\"twitter:card\" content=\"summary_large_image\" \/>\n<meta name=\"twitter:label1\" content=\"Gesch\u00e4tzte Lesezeit\" \/>\n\t<meta name=\"twitter:data1\" content=\"2\u00a0Minuten\" \/>\n<script type=\"application\/ld+json\" class=\"yoast-schema-graph\">{\"@context\":\"https:\\\/\\\/schema.org\",\"@graph\":[{\"@type\":\"WebPage\",\"@id\":\"https:\\\/\\\/flatpower.tech\\\/de\\\/was-ist-flatpower-5\\\/\",\"url\":\"https:\\\/\\\/flatpower.tech\\\/de\\\/was-ist-flatpower-5\\\/\",\"name\":\"Was ist FlatPower? - FlatPower\",\"isPartOf\":{\"@id\":\"https:\\\/\\\/flatpower.tech\\\/de\\\/#website\"},\"primaryImageOfPage\":{\"@id\":\"https:\\\/\\\/flatpower.tech\\\/de\\\/was-ist-flatpower-5\\\/#primaryimage\"},\"image\":{\"@id\":\"https:\\\/\\\/flatpower.tech\\\/de\\\/was-ist-flatpower-5\\\/#primaryimage\"},\"thumbnailUrl\":\"https:\\\/\\\/flatpower.tech\\\/wp-content\\\/uploads\\\/2024\\\/03\\\/Kabel-links-1024x1024.webp\",\"datePublished\":\"2026-02-25T19:57:40+00:00\",\"breadcrumb\":{\"@id\":\"https:\\\/\\\/flatpower.tech\\\/de\\\/was-ist-flatpower-5\\\/#breadcrumb\"},\"inLanguage\":\"de\",\"potentialAction\":[{\"@type\":\"ReadAction\",\"target\":[\"https:\\\/\\\/flatpower.tech\\\/de\\\/was-ist-flatpower-5\\\/\"]}]},{\"@type\":\"ImageObject\",\"inLanguage\":\"de\",\"@id\":\"https:\\\/\\\/flatpower.tech\\\/de\\\/was-ist-flatpower-5\\\/#primaryimage\",\"url\":\"https:\\\/\\\/flatpower.tech\\\/wp-content\\\/uploads\\\/2024\\\/03\\\/Kabel-links-1024x1024.webp\",\"contentUrl\":\"https:\\\/\\\/flatpower.tech\\\/wp-content\\\/uploads\\\/2024\\\/03\\\/Kabel-links-1024x1024.webp\"},{\"@type\":\"BreadcrumbList\",\"@id\":\"https:\\\/\\\/flatpower.tech\\\/de\\\/was-ist-flatpower-5\\\/#breadcrumb\",\"itemListElement\":[{\"@type\":\"ListItem\",\"position\":1,\"name\":\"Home\",\"item\":\"https:\\\/\\\/flatpower.tech\\\/de\\\/flatpower\\\/\"},{\"@type\":\"ListItem\",\"position\":2,\"name\":\"Was ist FlatPower?\"}]},{\"@type\":\"WebSite\",\"@id\":\"https:\\\/\\\/flatpower.tech\\\/de\\\/#website\",\"url\":\"https:\\\/\\\/flatpower.tech\\\/de\\\/\",\"name\":\"FlatPower\",\"description\":\"Innovatie in Elektrisch Opladen\",\"publisher\":{\"@id\":\"https:\\\/\\\/flatpower.tech\\\/de\\\/#organization\"},\"potentialAction\":[{\"@type\":\"SearchAction\",\"target\":{\"@type\":\"EntryPoint\",\"urlTemplate\":\"https:\\\/\\\/flatpower.tech\\\/de\\\/?s={search_term_string}\"},\"query-input\":{\"@type\":\"PropertyValueSpecification\",\"valueRequired\":true,\"valueName\":\"search_term_string\"}}],\"inLanguage\":\"de\"},{\"@type\":\"Organization\",\"@id\":\"https:\\\/\\\/flatpower.tech\\\/de\\\/#organization\",\"name\":\"FlatPower\",\"url\":\"https:\\\/\\\/flatpower.tech\\\/de\\\/\",\"logo\":{\"@type\":\"ImageObject\",\"inLanguage\":\"de\",\"@id\":\"https:\\\/\\\/flatpower.tech\\\/de\\\/#\\\/schema\\\/logo\\\/image\\\/\",\"url\":\"https:\\\/\\\/flatpower.tech\\\/wp-content\\\/uploads\\\/2024\\\/03\\\/FlatPower-Logo-e1711374673710.png\",\"contentUrl\":\"https:\\\/\\\/flatpower.tech\\\/wp-content\\\/uploads\\\/2024\\\/03\\\/FlatPower-Logo-e1711374673710.png\",\"width\":200,\"height\":54,\"caption\":\"FlatPower\"},\"image\":{\"@id\":\"https:\\\/\\\/flatpower.tech\\\/de\\\/#\\\/schema\\\/logo\\\/image\\\/\"}}]}<\/script>\n<!-- \/ Yoast SEO plugin. -->","yoast_head_json":{"title":"Was ist FlatPower? - FlatPower","robots":{"index":"index","follow":"follow","max-snippet":"max-snippet:-1","max-image-preview":"max-image-preview:large","max-video-preview":"max-video-preview:-1"},"canonical":"https:\/\/flatpower.tech\/de\/was-ist-flatpower-5\/","og_locale":"de_DE","og_type":"article","og_title":"Was ist FlatPower? - FlatPower","og_description":"Was ist FlatPower? Willkommen bei FlatPower, eine Innovation zum sicheren Aufladen Ihres elektrischen Autos auf dem B\u00fcrgersteig. Eine Idee, die im Jahr 2021 geboren wurde. Ein Unternehmer aus Noordwijk (Niederlande) erkannte ein dringendes Problem: Viele von uns Besitzern von elektrischen Autos stehen vor der Herausforderung, ihre Autos aufzuladen, ohne den Komfort eines eigenen Parkplatzes oder [&hellip;]","og_url":"https:\/\/flatpower.tech\/de\/was-ist-flatpower-5\/","og_site_name":"FlatPower","og_image":[{"width":1100,"height":1100,"url":"https:\/\/flatpower.tech\/wp-content\/uploads\/2024\/03\/Kabel-links.webp","type":"image\/webp"}],"twitter_card":"summary_large_image","twitter_misc":{"Gesch\u00e4tzte Lesezeit":"2\u00a0Minuten"},"schema":{"@context":"https:\/\/schema.org","@graph":[{"@type":"WebPage","@id":"https:\/\/flatpower.tech\/de\/was-ist-flatpower-5\/","url":"https:\/\/flatpower.tech\/de\/was-ist-flatpower-5\/","name":"Was ist FlatPower? - FlatPower","isPartOf":{"@id":"https:\/\/flatpower.tech\/de\/#website"},"primaryImageOfPage":{"@id":"https:\/\/flatpower.tech\/de\/was-ist-flatpower-5\/#primaryimage"},"image":{"@id":"https:\/\/flatpower.tech\/de\/was-ist-flatpower-5\/#primaryimage"},"thumbnailUrl":"https:\/\/flatpower.tech\/wp-content\/uploads\/2024\/03\/Kabel-links-1024x1024.webp","datePublished":"2026-02-25T19:57:40+00:00","breadcrumb":{"@id":"https:\/\/flatpower.tech\/de\/was-ist-flatpower-5\/#breadcrumb"},"inLanguage":"de","potentialAction":[{"@type":"ReadAction","target":["https:\/\/flatpower.tech\/de\/was-ist-flatpower-5\/"]}]},{"@type":"ImageObject","inLanguage":"de","@id":"https:\/\/flatpower.tech\/de\/was-ist-flatpower-5\/#primaryimage","url":"https:\/\/flatpower.tech\/wp-content\/uploads\/2024\/03\/Kabel-links-1024x1024.webp","contentUrl":"https:\/\/flatpower.tech\/wp-content\/uploads\/2024\/03\/Kabel-links-1024x1024.webp"},{"@type":"BreadcrumbList","@id":"https:\/\/flatpower.tech\/de\/was-ist-flatpower-5\/#breadcrumb","itemListElement":[{"@type":"ListItem","position":1,"name":"Home","item":"https:\/\/flatpower.tech\/de\/flatpower\/"},{"@type":"ListItem","position":2,"name":"Was ist FlatPower?"}]},{"@type":"WebSite","@id":"https:\/\/flatpower.tech\/de\/#website","url":"https:\/\/flatpower.tech\/de\/","name":"FlatPower","description":"Innovatie in Elektrisch Opladen","publisher":{"@id":"https:\/\/flatpower.tech\/de\/#organization"},"potentialAction":[{"@type":"SearchAction","target":{"@type":"EntryPoint","urlTemplate":"https:\/\/flatpower.tech\/de\/?s={search_term_string}"},"query-input":{"@type":"PropertyValueSpecification","valueRequired":true,"valueName":"search_term_string"}}],"inLanguage":"de"},{"@type":"Organization","@id":"https:\/\/flatpower.tech\/de\/#organization","name":"FlatPower","url":"https:\/\/flatpower.tech\/de\/","logo":{"@type":"ImageObject","inLanguage":"de","@id":"https:\/\/flatpower.tech\/de\/#\/schema\/logo\/image\/","url":"https:\/\/flatpower.tech\/wp-content\/uploads\/2024\/03\/FlatPower-Logo-e1711374673710.png","contentUrl":"https:\/\/flatpower.tech\/wp-content\/uploads\/2024\/03\/FlatPower-Logo-e1711374673710.png","width":200,"height":54,"caption":"FlatPower"},"image":{"@id":"https:\/\/flatpower.tech\/de\/#\/schema\/logo\/image\/"}}]}},"_links":{"self":[{"href":"https:\/\/flatpower.tech\/de\/wp-json\/wp\/v2\/pages\/3821","targetHints":{"allow":["GET"]}}],"collection":[{"href":"https:\/\/flatpower.tech\/de\/wp-json\/wp\/v2\/pages"}],"about":[{"href":"https:\/\/flatpower.tech\/de\/wp-json\/wp\/v2\/types\/page"}],"author":[{"embeddable":true,"href":"https:\/\/flatpower.tech\/de\/wp-json\/wp\/v2\/users\/9"}],"replies":[{"embeddable":true,"href":"https:\/\/flatpower.tech\/de\/wp-json\/wp\/v2\/comments?post=3821"}],"version-history":[{"count":1,"href":"https:\/\/flatpower.tech\/de\/wp-json\/wp\/v2\/pages\/3821\/revisions"}],"predecessor-version":[{"id":3824,"href":"https:\/\/flatpower.tech\/de\/wp-json\/wp\/v2\/pages\/3821\/revisions\/3824"}],"wp:attachment":[{"href":"https:\/\/flatpower.tech\/de\/wp-json\/wp\/v2\/media?parent=3821"}],"wp:term":[{"taxonomy":"category","embeddable":true,"href":"https:\/\/flatpower.tech\/de\/wp-json\/wp\/v2\/categories?post=3821"},{"taxonomy":"post_tag","embeddable":true,"href":"https:\/\/flatpower.tech\/de\/wp-json\/wp\/v2\/tags?post=3821"}],"curies":[{"name":"wp","href":"https:\/\/api.w.org\/{rel}","templated":true}]}}