{"id":1782,"date":"2024-03-06T13:35:12","date_gmt":"2024-03-06T13:35:12","guid":{"rendered":"https:\/\/flatpower.tech\/flatpower\/"},"modified":"2026-01-22T14:43:23","modified_gmt":"2026-01-22T14:43:23","slug":"flatpower","status":"publish","type":"page","link":"https:\/\/flatpower.tech\/es\/","title":{"rendered":"FlatPower"},"content":{"rendered":"\t\t<div data-elementor-type=\"wp-page\" data-elementor-id=\"1782\" class=\"elementor elementor-1782 elementor-11\" data-elementor-post-type=\"page\">\n\t\t\t\t<div class=\"elementor-element elementor-element-ce66967 e-con-full e-flex e-con e-parent\" data-id=\"ce66967\" data-element_type=\"container\" data-e-type=\"container\" data-settings=\"{&quot;background_background&quot;:&quot;video&quot;,&quot;background_video_link&quot;:&quot;https:\\\/\\\/vimeo.com\\\/1132140202?share=copy&amp;fl=sv&amp;fe=ci&quot;,&quot;background_play_on_mobile&quot;:&quot;yes&quot;,&quot;background_privacy_mode&quot;:&quot;yes&quot;,&quot;background_video_start&quot;:0}\">\n\t\t<div class=\"elementor-background-video-container\">\n\t\t\t\t\t\t\t<div class=\"elementor-background-video-embed\" role=\"presentation\"><\/div>\n\t\t\t\t\t\t<\/div><div class=\"elementor-element elementor-element-af3c917 e-flex e-con-boxed e-con e-child\" data-id=\"af3c917\" data-element_type=\"container\" data-e-type=\"container\">\n\t\t\t\t\t<div class=\"e-con-inner\">\n\t\t\t\t<div class=\"elementor-element elementor-element-c9bdb28 elementor-invisible elementor-widget elementor-widget-heading\" data-id=\"c9bdb28\" data-element_type=\"widget\" data-e-type=\"widget\" data-settings=\"{&quot;_animation&quot;:&quot;fadeIn&quot;}\" data-widget_type=\"heading.default\">\n\t\t\t\t<div class=\"elementor-widget-container\">\n\t\t\t\t\t<h1 class=\"elementor-heading-title elementor-size-default\"><b>Cable de carga FlatPower: \n<\/b><br>Innovaci\u00f3n en <br>Carga El\u00e9ctrica en Acera <br><\/h1>\t\t\t\t<\/div>\n\t\t\t\t<\/div>\n\t\t\t\t<div class=\"elementor-element elementor-element-e05e350 elementor-widget elementor-widget-global elementor-global-1840 elementor-global-86 elementor-widget-button\" data-id=\"e05e350\" data-element_type=\"widget\" data-e-type=\"widget\" data-widget_type=\"button.default\">\n\t\t\t\t<div class=\"elementor-widget-container\">\n\t\t\t\t\t\t\t\t\t<div class=\"elementor-button-wrapper\">\n\t\t\t\t\t<a class=\"elementor-button elementor-button-link elementor-size-sm\" href=\"https:\/\/flatpower.tech\/es\/producto\/cable-de-carga-flatpower\/\">\n\t\t\t\t\t\t<span class=\"elementor-button-content-wrapper\">\n\t\t\t\t\t\t\t\t\t<span class=\"elementor-button-text\">PEDIR<\/span>\n\t\t\t\t\t<\/span>\n\t\t\t\t\t<\/a>\n\t\t\t\t<\/div>\n\t\t\t\t\t\t\t\t<\/div>\n\t\t\t\t<\/div>\n\t\t\t\t\t<\/div>\n\t\t\t\t<\/div>\n\t\t\t\t<\/div>\n\t\t<div class=\"elementor-element elementor-element-2f0f6c0 e-flex e-con-boxed e-con e-parent\" data-id=\"2f0f6c0\" data-element_type=\"container\" data-e-type=\"container\" data-settings=\"{&quot;background_background&quot;:&quot;classic&quot;}\">\n\t\t\t\t\t<div class=\"e-con-inner\">\n\t\t\t\t<div class=\"elementor-element elementor-element-51d8f8c elementor-widget elementor-widget-heading\" data-id=\"51d8f8c\" data-element_type=\"widget\" data-e-type=\"widget\" data-widget_type=\"heading.default\">\n\t\t\t\t<div class=\"elementor-widget-container\">\n\t\t\t\t\t<h2 class=\"elementor-heading-title elementor-size-default\">Un <B>cable de carga plano seguro<\/h2>\t\t\t\t<\/div>\n\t\t\t\t<\/div>\n\t\t\t\t<div class=\"elementor-element elementor-element-f4eb6ee elementor-widget elementor-widget-text-editor\" data-id=\"f4eb6ee\" data-element_type=\"widget\" data-e-type=\"widget\" data-widget_type=\"text-editor.default\">\n\t\t\t\t<div class=\"elementor-widget-container\">\n\t\t\t\t\t\t\t\t\t<p>\u00bfTiene un coche el\u00e9ctrico pero no puede cargarlo con su propia electricidad porque el cable de carga supone una situaci\u00f3n insegura en la acera? \u00a1No se preocupe m\u00e1s! FlatPower ofrece una soluci\u00f3n con un innovador cable de carga ultraplano patentado para cruzar la acera.  <\/p><p>Con el cable de carga FlatPower, los tropiezos con cables redondos en la acera son cosa del pasado. Apueste por la seguridad y la comodidad y, por lo tanto, benef\u00edciese por fin de forma \u00f3ptima de su propia conexi\u00f3n el\u00e9ctrica y, posiblemente, de los paneles solares. <\/p><p>En comparaci\u00f3n con las alternativas, el revolucionario dise\u00f1o plano del cable FlatPower supone una enorme mejora de la seguridad y reduce las molestias para otros usuarios de la acera. El cable de carga ultraplano para aceras le ofrece la libertad de disfrutar de la carga el\u00e9ctrica en casa sin preocupaciones.  <\/p>\t\t\t\t\t\t\t\t<\/div>\n\t\t\t\t<\/div>\n\t\t\t\t<div class=\"elementor-element elementor-element-b135c2a elementor-align-center elementor-widget elementor-widget-button\" data-id=\"b135c2a\" data-element_type=\"widget\" data-e-type=\"widget\" data-widget_type=\"button.default\">\n\t\t\t\t<div class=\"elementor-widget-container\">\n\t\t\t\t\t\t\t\t\t<div class=\"elementor-button-wrapper\">\n\t\t\t\t\t<a class=\"elementor-button elementor-button-link elementor-size-sm\" href=\"https:\/\/flatpower.tech\/es\/producto\/cable-de-carga-flatpower\/\">\n\t\t\t\t\t\t<span class=\"elementor-button-content-wrapper\">\n\t\t\t\t\t\t\t\t\t<span class=\"elementor-button-text\">PEDIR DIRECTAMENTE<\/span>\n\t\t\t\t\t<\/span>\n\t\t\t\t\t<\/a>\n\t\t\t\t<\/div>\n\t\t\t\t\t\t\t\t<\/div>\n\t\t\t\t<\/div>\n\t\t\t\t<div class=\"elementor-element elementor-element-b65a221 elementor-widget elementor-widget-image\" data-id=\"b65a221\" data-element_type=\"widget\" data-e-type=\"widget\" data-settings=\"{&quot;motion_fx_motion_fx_scrolling&quot;:&quot;yes&quot;,&quot;motion_fx_translateY_effect&quot;:&quot;yes&quot;,&quot;motion_fx_translateY_speed&quot;:{&quot;unit&quot;:&quot;px&quot;,&quot;size&quot;:0,&quot;sizes&quot;:[]},&quot;motion_fx_translateY_affectedRange&quot;:{&quot;unit&quot;:&quot;%&quot;,&quot;size&quot;:&quot;&quot;,&quot;sizes&quot;:{&quot;start&quot;:12,&quot;end&quot;:88}},&quot;motion_fx_range&quot;:&quot;viewport&quot;,&quot;motion_fx_translateX_effect&quot;:&quot;yes&quot;,&quot;motion_fx_translateX_speed&quot;:{&quot;unit&quot;:&quot;px&quot;,&quot;size&quot;:4,&quot;sizes&quot;:[]},&quot;motion_fx_translateX_affectedRange&quot;:{&quot;unit&quot;:&quot;%&quot;,&quot;size&quot;:&quot;&quot;,&quot;sizes&quot;:{&quot;start&quot;:0,&quot;end&quot;:100}},&quot;motion_fx_devices&quot;:[&quot;desktop&quot;,&quot;tablet&quot;,&quot;mobile&quot;]}\" data-widget_type=\"image.default\">\n\t\t\t\t<div class=\"elementor-widget-container\">\n\t\t\t\t\t\t\t\t\t\t\t\t\t\t\t<img fetchpriority=\"high\" decoding=\"async\" width=\"1500\" height=\"1500\" src=\"https:\/\/flatpower.tech\/wp-content\/uploads\/2024\/03\/kabelflatpower.webp\" class=\"attachment-full size-full wp-image-1355\" alt=\"Cable de carga plano para carga en acera\" srcset=\"https:\/\/flatpower.tech\/wp-content\/uploads\/2024\/03\/kabelflatpower.webp 1500w, https:\/\/flatpower.tech\/wp-content\/uploads\/2024\/03\/kabelflatpower-300x300.webp 300w, https:\/\/flatpower.tech\/wp-content\/uploads\/2024\/03\/kabelflatpower-100x100.webp 100w, https:\/\/flatpower.tech\/wp-content\/uploads\/2024\/03\/kabelflatpower-600x600.webp 600w, https:\/\/flatpower.tech\/wp-content\/uploads\/2024\/03\/kabelflatpower-1024x1024.webp 1024w, https:\/\/flatpower.tech\/wp-content\/uploads\/2024\/03\/kabelflatpower-150x150.webp 150w, https:\/\/flatpower.tech\/wp-content\/uploads\/2024\/03\/kabelflatpower-768x768.webp 768w\" sizes=\"(max-width: 1500px) 100vw, 1500px\" \/>\t\t\t\t\t\t\t\t\t\t\t\t\t\t\t<\/div>\n\t\t\t\t<\/div>\n\t\t\t\t\t<\/div>\n\t\t\t\t<\/div>\n\t\t<div class=\"elementor-element elementor-element-6f96525 e-flex e-con-boxed e-con e-parent\" data-id=\"6f96525\" data-element_type=\"container\" data-e-type=\"container\" data-settings=\"{&quot;background_background&quot;:&quot;classic&quot;}\">\n\t\t\t\t\t<div class=\"e-con-inner\">\n\t\t\t\t<div class=\"elementor-element elementor-element-72033bc uael-ba-halign-center uael-ba-label-normal elementor-widget elementor-widget-uael-ba-slider\" data-id=\"72033bc\" data-element_type=\"widget\" data-e-type=\"widget\" data-widget_type=\"uael-ba-slider.default\">\n\t\t\t\t<div class=\"elementor-widget-container\">\n\t\t\t\t\t\t\t<div class=\"uael-before-after-slider\">\n\t\t\t<div class=\"uael-ba-container\" data-move-on-hover=\"yes\" data-orientation=\"horizontal\" data-offset=\"0.5\">\n\t\t\t\t<img decoding=\"async\" class=\"uael-before-img\" style=\"position: absolute\" src=\"https:\/\/flatpower.tech\/wp-content\/uploads\/2024\/03\/Render_ronde_kabel-1024x576.png\" alt=\"Cable redondo est\u00e1ndar\" \/>\n\t\t\t\t<img decoding=\"async\" class=\"uael-after-img\" src=\"https:\/\/flatpower.tech\/wp-content\/uploads\/2024\/03\/Render_platte_kabel-1024x576.png\" alt=\"Cable de alimentaci\u00f3n plano\" \/>\n\t\t\t<\/div>\n\t\t<\/div>\n\t\t\t\t\t\t<\/div>\n\t\t\t\t<\/div>\n\t\t\t\t\t<\/div>\n\t\t\t\t<\/div>\n\t\t<div class=\"elementor-element elementor-element-973a7ed e-flex e-con-boxed e-con e-parent\" data-id=\"973a7ed\" data-element_type=\"container\" data-e-type=\"container\" data-settings=\"{&quot;background_background&quot;:&quot;classic&quot;}\">\n\t\t\t\t\t<div class=\"e-con-inner\">\n\t\t<div class=\"elementor-element elementor-element-eaf6dfd e-con-full e-flex e-con e-child\" data-id=\"eaf6dfd\" data-element_type=\"container\" data-e-type=\"container\">\n\t\t\t\t<div class=\"elementor-element elementor-element-8d676af elementor-widget elementor-widget-heading\" data-id=\"8d676af\" data-element_type=\"widget\" data-e-type=\"widget\" data-widget_type=\"heading.default\">\n\t\t\t\t<div class=\"elementor-widget-container\">\n\t\t\t\t\t<h2 class=\"elementor-heading-title elementor-size-default\"><B> \n\u00bfCargar en estaciones de carga p\u00fablicas?<\/h2>\t\t\t\t<\/div>\n\t\t\t\t<\/div>\n\t\t\t\t<div class=\"elementor-element elementor-element-f71b640 elementor-widget elementor-widget-text-editor\" data-id=\"f71b640\" data-element_type=\"widget\" data-e-type=\"widget\" data-widget_type=\"text-editor.default\">\n\t\t\t\t<div class=\"elementor-widget-container\">\n\t\t\t\t\t\t\t\t\t<p data-start=\"413\" data-end=\"933\">Las estaciones de carga p\u00fablicas son una opci\u00f3n \u00fatil para cuando se est\u00e1 de viaje, pero pueden resultar caras. Los costes de la carga p\u00fablica pueden aumentar r\u00e1pidamente en comparaci\u00f3n con la carga dom\u00e9stica. Adem\u00e1s, a menudo hay problemas con las estaciones de carga, que van desde aver\u00edas hasta la falta de disponibilidad cuando se necesitan. Adem\u00e1s, los puntos de carga p\u00fablicos a veces pueden estar lejos de su casa, lo que conlleva molestias y tiempo extra. Por lo tanto, la carga dom\u00e9stica es la opci\u00f3n m\u00e1s rentable y fiable para los conductores de veh\u00edculos el\u00e9ctricos.    <\/p><p data-start=\"935\" data-end=\"1127\">Con el cable FlatPower a la puerta de tu casa, siempre dispondr\u00e1s de tu propio punto de carga. Es tu coche, tu cable, tu punto de carga. Se acabaron las molestias de las estaciones de carga p\u00fablicas. Elige la m\u00e1xima libertad y comodidad.   <\/p><p data-start=\"1129\" data-end=\"1753\">El cable de carga ultraplano FlatPower para aceras, con un grosor de cable de carga de tan solo 5 mm, se adhiere firmemente a la acera y evita el riesgo de tropiezos. Este cable de carga plano y seguro facilita y hace sostenible la carga dom\u00e9stica con electricidad propia o paneles solares. Perfecto para quienes desean cargar cruzando la acera sin tener su propia entrada. Descubra la soluci\u00f3n de carga inteligente de FlatPower, el cable de carga plano para coches el\u00e9ctricos, ideal para una carga segura en la acera en cualquier zona residencial.    <\/p>\t\t\t\t\t\t\t\t<\/div>\n\t\t\t\t<\/div>\n\t\t\t\t<div class=\"elementor-element elementor-element-a650fc8 elementor-align-left elementor-widget elementor-widget-button\" data-id=\"a650fc8\" data-element_type=\"widget\" data-e-type=\"widget\" data-widget_type=\"button.default\">\n\t\t\t\t<div class=\"elementor-widget-container\">\n\t\t\t\t\t\t\t\t\t<div class=\"elementor-button-wrapper\">\n\t\t\t\t\t<a class=\"elementor-button elementor-button-link elementor-size-sm\" href=\"https:\/\/flatpower.tech\/es\/producto\/cable-de-carga-flatpower\/\">\n\t\t\t\t\t\t<span class=\"elementor-button-content-wrapper\">\n\t\t\t\t\t\t\t\t\t<span class=\"elementor-button-text\">PEDIR<\/span>\n\t\t\t\t\t<\/span>\n\t\t\t\t\t<\/a>\n\t\t\t\t<\/div>\n\t\t\t\t\t\t\t\t<\/div>\n\t\t\t\t<\/div>\n\t\t\t\t<\/div>\n\t\t<div class=\"elementor-element elementor-element-193b70c e-con-full e-flex e-con e-child\" data-id=\"193b70c\" data-element_type=\"container\" data-e-type=\"container\">\n\t\t\t\t<\/div>\n\t\t\t\t\t<\/div>\n\t\t\t\t<\/div>\n\t\t\t\t<\/div>\n\t\t","protected":false},"excerpt":{"rendered":"<p>Cable de carga FlatPower: Innovaci\u00f3n en Carga El\u00e9ctrica en Acera BESTEL Un cable de carga plano seguro \u00bfTiene un coche el\u00e9ctrico pero no puede cargarlo con su propia electricidad porque el cable de carga supone una situaci\u00f3n insegura en la acera? \u00a1No se preocupe m\u00e1s! FlatPower ofrece una soluci\u00f3n con un innovador cable de carga [&hellip;]<\/p>\n","protected":false},"author":1,"featured_media":0,"parent":0,"menu_order":0,"comment_status":"closed","ping_status":"closed","template":"","meta":{"footnotes":""},"categories":[],"tags":[],"class_list":["post-1782","page","type-page","status-publish","hentry"],"yoast_head":"<!-- This site is optimized with the Yoast SEO plugin v27.5 - https:\/\/yoast.com\/product\/yoast-seo-wordpress\/ -->\n<title>Cable de carga plano - FlatPower<\/title>\n<meta name=\"description\" content=\"Cargue su coche el\u00e9ctrico de forma segura en casa con el cable de carga para acera FlatPower. Cargue con su propia electricidad o paneles solares.\" \/>\n<meta name=\"robots\" content=\"index, follow, max-snippet:-1, max-image-preview:large, max-video-preview:-1\" \/>\n<link rel=\"canonical\" href=\"https:\/\/flatpower.tech\/es\/\" \/>\n<meta property=\"og:locale\" content=\"es_ES\" \/>\n<meta property=\"og:type\" content=\"article\" \/>\n<meta property=\"og:title\" content=\"Cable de carga plano - FlatPower\" \/>\n<meta property=\"og:description\" content=\"Cargue su coche el\u00e9ctrico de forma segura en casa con el cable de carga para acera FlatPower. Cargue con su propia electricidad o paneles solares.\" \/>\n<meta property=\"og:url\" content=\"https:\/\/flatpower.tech\/es\/\" \/>\n<meta property=\"og:site_name\" content=\"FlatPower\" \/>\n<meta property=\"article:modified_time\" content=\"2026-01-22T14:43:23+00:00\" \/>\n<meta property=\"og:image\" content=\"https:\/\/flatpower.tech\/wp-content\/uploads\/2024\/03\/kabelflatpower.webp\" \/>\n\t<meta property=\"og:image:width\" content=\"1500\" \/>\n\t<meta property=\"og:image:height\" content=\"1500\" \/>\n\t<meta property=\"og:image:type\" content=\"image\/webp\" \/>\n<meta name=\"twitter:card\" content=\"summary_large_image\" \/>\n<meta name=\"twitter:label1\" content=\"Tiempo de lectura\" \/>\n\t<meta name=\"twitter:data1\" content=\"2 minutos\" \/>\n<script type=\"application\/ld+json\" class=\"yoast-schema-graph\">{\"@context\":\"https:\\\/\\\/schema.org\",\"@graph\":[{\"@type\":\"WebPage\",\"@id\":\"https:\\\/\\\/flatpower.tech\\\/es\\\/\",\"url\":\"https:\\\/\\\/flatpower.tech\\\/es\\\/\",\"name\":\"Cable de carga plano - FlatPower\",\"isPartOf\":{\"@id\":\"https:\\\/\\\/flatpower.tech\\\/es\\\/#website\"},\"primaryImageOfPage\":{\"@id\":\"https:\\\/\\\/flatpower.tech\\\/es\\\/#primaryimage\"},\"image\":{\"@id\":\"https:\\\/\\\/flatpower.tech\\\/es\\\/#primaryimage\"},\"thumbnailUrl\":\"https:\\\/\\\/flatpower.tech\\\/wp-content\\\/uploads\\\/2024\\\/03\\\/kabelflatpower.webp\",\"datePublished\":\"2024-03-06T13:35:12+00:00\",\"dateModified\":\"2026-01-22T14:43:23+00:00\",\"description\":\"Cargue su coche el\u00e9ctrico de forma segura en casa con el cable de carga para acera FlatPower. Cargue con su propia electricidad o paneles solares.\",\"breadcrumb\":{\"@id\":\"https:\\\/\\\/flatpower.tech\\\/es\\\/#breadcrumb\"},\"inLanguage\":\"es\",\"potentialAction\":[{\"@type\":\"ReadAction\",\"target\":[\"https:\\\/\\\/flatpower.tech\\\/es\\\/\"]}]},{\"@type\":\"ImageObject\",\"inLanguage\":\"es\",\"@id\":\"https:\\\/\\\/flatpower.tech\\\/es\\\/#primaryimage\",\"url\":\"https:\\\/\\\/flatpower.tech\\\/wp-content\\\/uploads\\\/2024\\\/03\\\/kabelflatpower.webp\",\"contentUrl\":\"https:\\\/\\\/flatpower.tech\\\/wp-content\\\/uploads\\\/2024\\\/03\\\/kabelflatpower.webp\"},{\"@type\":\"BreadcrumbList\",\"@id\":\"https:\\\/\\\/flatpower.tech\\\/es\\\/#breadcrumb\",\"itemListElement\":[{\"@type\":\"ListItem\",\"position\":1,\"name\":\"Home\",\"item\":\"https:\\\/\\\/flatpower.tech\\\/es\\\/flatpower\\\/\"},{\"@type\":\"ListItem\",\"position\":2,\"name\":\"FlatPower\"}]},{\"@type\":\"WebSite\",\"@id\":\"https:\\\/\\\/flatpower.tech\\\/es\\\/#website\",\"url\":\"https:\\\/\\\/flatpower.tech\\\/es\\\/\",\"name\":\"FlatPower\",\"description\":\"Innovatie in Elektrisch Opladen\",\"publisher\":{\"@id\":\"https:\\\/\\\/flatpower.tech\\\/es\\\/#organization\"},\"potentialAction\":[{\"@type\":\"SearchAction\",\"target\":{\"@type\":\"EntryPoint\",\"urlTemplate\":\"https:\\\/\\\/flatpower.tech\\\/es\\\/?s={search_term_string}\"},\"query-input\":{\"@type\":\"PropertyValueSpecification\",\"valueRequired\":true,\"valueName\":\"search_term_string\"}}],\"inLanguage\":\"es\"},{\"@type\":\"Organization\",\"@id\":\"https:\\\/\\\/flatpower.tech\\\/es\\\/#organization\",\"name\":\"FlatPower\",\"url\":\"https:\\\/\\\/flatpower.tech\\\/es\\\/\",\"logo\":{\"@type\":\"ImageObject\",\"inLanguage\":\"es\",\"@id\":\"https:\\\/\\\/flatpower.tech\\\/es\\\/#\\\/schema\\\/logo\\\/image\\\/\",\"url\":\"https:\\\/\\\/flatpower.tech\\\/wp-content\\\/uploads\\\/2024\\\/03\\\/FlatPower-Logo-e1711374673710.png\",\"contentUrl\":\"https:\\\/\\\/flatpower.tech\\\/wp-content\\\/uploads\\\/2024\\\/03\\\/FlatPower-Logo-e1711374673710.png\",\"width\":200,\"height\":54,\"caption\":\"FlatPower\"},\"image\":{\"@id\":\"https:\\\/\\\/flatpower.tech\\\/es\\\/#\\\/schema\\\/logo\\\/image\\\/\"}}]}<\/script>\n<!-- \/ Yoast SEO plugin. -->","yoast_head_json":{"title":"Cable de carga plano - FlatPower","description":"Cargue su coche el\u00e9ctrico de forma segura en casa con el cable de carga para acera FlatPower. Cargue con su propia electricidad o paneles solares.","robots":{"index":"index","follow":"follow","max-snippet":"max-snippet:-1","max-image-preview":"max-image-preview:large","max-video-preview":"max-video-preview:-1"},"canonical":"https:\/\/flatpower.tech\/es\/","og_locale":"es_ES","og_type":"article","og_title":"Cable de carga plano - FlatPower","og_description":"Cargue su coche el\u00e9ctrico de forma segura en casa con el cable de carga para acera FlatPower. Cargue con su propia electricidad o paneles solares.","og_url":"https:\/\/flatpower.tech\/es\/","og_site_name":"FlatPower","article_modified_time":"2026-01-22T14:43:23+00:00","og_image":[{"width":1500,"height":1500,"url":"https:\/\/flatpower.tech\/wp-content\/uploads\/2024\/03\/kabelflatpower.webp","type":"image\/webp"}],"twitter_card":"summary_large_image","twitter_misc":{"Tiempo de lectura":"2 minutos"},"schema":{"@context":"https:\/\/schema.org","@graph":[{"@type":"WebPage","@id":"https:\/\/flatpower.tech\/es\/","url":"https:\/\/flatpower.tech\/es\/","name":"Cable de carga plano - FlatPower","isPartOf":{"@id":"https:\/\/flatpower.tech\/es\/#website"},"primaryImageOfPage":{"@id":"https:\/\/flatpower.tech\/es\/#primaryimage"},"image":{"@id":"https:\/\/flatpower.tech\/es\/#primaryimage"},"thumbnailUrl":"https:\/\/flatpower.tech\/wp-content\/uploads\/2024\/03\/kabelflatpower.webp","datePublished":"2024-03-06T13:35:12+00:00","dateModified":"2026-01-22T14:43:23+00:00","description":"Cargue su coche el\u00e9ctrico de forma segura en casa con el cable de carga para acera FlatPower. Cargue con su propia electricidad o paneles solares.","breadcrumb":{"@id":"https:\/\/flatpower.tech\/es\/#breadcrumb"},"inLanguage":"es","potentialAction":[{"@type":"ReadAction","target":["https:\/\/flatpower.tech\/es\/"]}]},{"@type":"ImageObject","inLanguage":"es","@id":"https:\/\/flatpower.tech\/es\/#primaryimage","url":"https:\/\/flatpower.tech\/wp-content\/uploads\/2024\/03\/kabelflatpower.webp","contentUrl":"https:\/\/flatpower.tech\/wp-content\/uploads\/2024\/03\/kabelflatpower.webp"},{"@type":"BreadcrumbList","@id":"https:\/\/flatpower.tech\/es\/#breadcrumb","itemListElement":[{"@type":"ListItem","position":1,"name":"Home","item":"https:\/\/flatpower.tech\/es\/flatpower\/"},{"@type":"ListItem","position":2,"name":"FlatPower"}]},{"@type":"WebSite","@id":"https:\/\/flatpower.tech\/es\/#website","url":"https:\/\/flatpower.tech\/es\/","name":"FlatPower","description":"Innovatie in Elektrisch Opladen","publisher":{"@id":"https:\/\/flatpower.tech\/es\/#organization"},"potentialAction":[{"@type":"SearchAction","target":{"@type":"EntryPoint","urlTemplate":"https:\/\/flatpower.tech\/es\/?s={search_term_string}"},"query-input":{"@type":"PropertyValueSpecification","valueRequired":true,"valueName":"search_term_string"}}],"inLanguage":"es"},{"@type":"Organization","@id":"https:\/\/flatpower.tech\/es\/#organization","name":"FlatPower","url":"https:\/\/flatpower.tech\/es\/","logo":{"@type":"ImageObject","inLanguage":"es","@id":"https:\/\/flatpower.tech\/es\/#\/schema\/logo\/image\/","url":"https:\/\/flatpower.tech\/wp-content\/uploads\/2024\/03\/FlatPower-Logo-e1711374673710.png","contentUrl":"https:\/\/flatpower.tech\/wp-content\/uploads\/2024\/03\/FlatPower-Logo-e1711374673710.png","width":200,"height":54,"caption":"FlatPower"},"image":{"@id":"https:\/\/flatpower.tech\/es\/#\/schema\/logo\/image\/"}}]}},"_links":{"self":[{"href":"https:\/\/flatpower.tech\/es\/wp-json\/wp\/v2\/pages\/1782","targetHints":{"allow":["GET"]}}],"collection":[{"href":"https:\/\/flatpower.tech\/es\/wp-json\/wp\/v2\/pages"}],"about":[{"href":"https:\/\/flatpower.tech\/es\/wp-json\/wp\/v2\/types\/page"}],"author":[{"embeddable":true,"href":"https:\/\/flatpower.tech\/es\/wp-json\/wp\/v2\/users\/1"}],"replies":[{"embeddable":true,"href":"https:\/\/flatpower.tech\/es\/wp-json\/wp\/v2\/comments?post=1782"}],"version-history":[{"count":11,"href":"https:\/\/flatpower.tech\/es\/wp-json\/wp\/v2\/pages\/1782\/revisions"}],"predecessor-version":[{"id":3705,"href":"https:\/\/flatpower.tech\/es\/wp-json\/wp\/v2\/pages\/1782\/revisions\/3705"}],"wp:attachment":[{"href":"https:\/\/flatpower.tech\/es\/wp-json\/wp\/v2\/media?parent=1782"}],"wp:term":[{"taxonomy":"category","embeddable":true,"href":"https:\/\/flatpower.tech\/es\/wp-json\/wp\/v2\/categories?post=1782"},{"taxonomy":"post_tag","embeddable":true,"href":"https:\/\/flatpower.tech\/es\/wp-json\/wp\/v2\/tags?post=1782"}],"curies":[{"name":"wp","href":"https:\/\/api.w.org\/{rel}","templated":true}]}}