{"id":1793,"date":"2024-03-06T13:14:35","date_gmt":"2024-03-06T13:14:35","guid":{"rendered":"https:\/\/flatpower.tech\/declaracion-de-privacidad\/"},"modified":"2025-01-13T12:00:07","modified_gmt":"2025-01-13T12:00:07","slug":"declaracion-de-privacidad","status":"publish","type":"page","link":"https:\/\/flatpower.tech\/es\/declaracion-de-privacidad\/","title":{"rendered":"Declaraci\u00f3n de privacidad"},"content":{"rendered":"\t\t<div data-elementor-type=\"wp-page\" data-elementor-id=\"1793\" class=\"elementor elementor-1793 elementor-3\" data-elementor-post-type=\"page\">\n\t\t\t\t<div class=\"elementor-element elementor-element-7e9a9fb e-flex e-con-boxed e-con e-parent\" data-id=\"7e9a9fb\" data-element_type=\"container\" data-e-type=\"container\">\n\t\t\t\t\t<div class=\"e-con-inner\">\n\t\t\t\t<div class=\"elementor-element elementor-element-7c23a03 elementor-widget elementor-widget-heading\" data-id=\"7c23a03\" data-element_type=\"widget\" data-e-type=\"widget\" data-widget_type=\"heading.default\">\n\t\t\t\t<div class=\"elementor-widget-container\">\n\t\t\t\t\t<h1 class=\"elementor-heading-title elementor-size-default\">Declaraci\u00f3n de privacidad<\/h1>\t\t\t\t<\/div>\n\t\t\t\t<\/div>\n\t\t\t\t\t<\/div>\n\t\t\t\t<\/div>\n\t\t<div class=\"elementor-element elementor-element-c822d42 e-flex e-con-boxed e-con e-parent\" data-id=\"c822d42\" data-element_type=\"container\" data-e-type=\"container\">\n\t\t\t\t\t<div class=\"e-con-inner\">\n\t\t\t\t<div class=\"elementor-element elementor-element-74b7eb8 elementor-widget elementor-widget-text-editor\" data-id=\"74b7eb8\" data-element_type=\"widget\" data-e-type=\"widget\" data-widget_type=\"text-editor.default\">\n\t\t\t\t<div class=\"elementor-widget-container\">\n\t\t\t\t\t\t\t\t\t<p>En esta declaraci\u00f3n de privacidad, Comerco B.V., propietario de la marca FlatPower\u00ae, explica la forma en que Comerco, como parte responsable, trata los datos personales. Comerco procesa todos los datos personales puestos a su disposici\u00f3n o recogidos por ella con el mayor cuidado posible. <\/p>\n\t\t\t\t\t\t\t\t<\/div>\n\t\t\t\t<\/div>\n\t\t\t\t<div class=\"elementor-element elementor-element-f1a2ffd elementor-widget elementor-widget-button\" data-id=\"f1a2ffd\" data-element_type=\"widget\" data-e-type=\"widget\" data-widget_type=\"button.default\">\n\t\t\t\t<div class=\"elementor-widget-container\">\n\t\t\t\t\t\t\t\t\t<div class=\"elementor-button-wrapper\">\n\t\t\t\t\t<a class=\"elementor-button elementor-button-link elementor-size-sm\" href=\"https:\/\/flatpower.tech\/wp-content\/uploads\/2025\/01\/Declaracion-de-privacidad_Comerco-1.pdf\">\n\t\t\t\t\t\t<span class=\"elementor-button-content-wrapper\">\n\t\t\t\t\t\t\t\t\t<span class=\"elementor-button-text\">Declaraci\u00f3n de privacidad ES<\/span>\n\t\t\t\t\t<\/span>\n\t\t\t\t\t<\/a>\n\t\t\t\t<\/div>\n\t\t\t\t\t\t\t\t<\/div>\n\t\t\t\t<\/div>\n\t\t\t\t\t<\/div>\n\t\t\t\t<\/div>\n\t\t\t\t<\/div>\n\t\t","protected":false},"excerpt":{"rendered":"<p>Declaraci\u00f3n de privacidad En esta declaraci\u00f3n de privacidad, Comerco B.V., propietario de la marca FlatPower\u00ae, explica la forma en que Comerco, como parte responsable, trata los datos personales. Comerco procesa todos los datos personales puestos a su disposici\u00f3n o recogidos por ella con el mayor cuidado posible. Declaraci\u00f3n de privacidad ES<\/p>\n","protected":false},"author":1,"featured_media":0,"parent":0,"menu_order":0,"comment_status":"closed","ping_status":"open","template":"","meta":{"footnotes":""},"categories":[],"tags":[],"class_list":["post-1793","page","type-page","status-publish","hentry"],"yoast_head":"<!-- This site is optimized with the Yoast SEO plugin v27.3 - https:\/\/yoast.com\/product\/yoast-seo-wordpress\/ -->\n<title>Declaraci\u00f3n de privacidad - FlatPower<\/title>\n<meta name=\"robots\" content=\"noindex, nofollow\" \/>\n<meta property=\"og:locale\" content=\"es_ES\" \/>\n<meta property=\"og:type\" content=\"article\" \/>\n<meta property=\"og:title\" content=\"Declaraci\u00f3n de privacidad - FlatPower\" \/>\n<meta property=\"og:description\" content=\"Declaraci\u00f3n de privacidad En esta declaraci\u00f3n de privacidad, Comerco B.V., propietario de la marca FlatPower\u00ae, explica la forma en que Comerco, como parte responsable, trata los datos personales. Comerco procesa todos los datos personales puestos a su disposici\u00f3n o recogidos por ella con el mayor cuidado posible. Declaraci\u00f3n de privacidad ES\" \/>\n<meta property=\"og:url\" content=\"https:\/\/flatpower.tech\/es\/declaracion-de-privacidad\/\" \/>\n<meta property=\"og:site_name\" content=\"FlatPower\" \/>\n<meta property=\"article:modified_time\" content=\"2025-01-13T12:00:07+00:00\" \/>\n<meta name=\"twitter:card\" content=\"summary_large_image\" \/>\n<script type=\"application\/ld+json\" class=\"yoast-schema-graph\">{\"@context\":\"https:\\\/\\\/schema.org\",\"@graph\":[{\"@type\":\"WebPage\",\"@id\":\"https:\\\/\\\/flatpower.tech\\\/es\\\/declaracion-de-privacidad\\\/\",\"url\":\"https:\\\/\\\/flatpower.tech\\\/es\\\/declaracion-de-privacidad\\\/\",\"name\":\"Declaraci\u00f3n de privacidad - FlatPower\",\"isPartOf\":{\"@id\":\"https:\\\/\\\/flatpower.tech\\\/es\\\/#website\"},\"datePublished\":\"2024-03-06T13:14:35+00:00\",\"dateModified\":\"2025-01-13T12:00:07+00:00\",\"breadcrumb\":{\"@id\":\"https:\\\/\\\/flatpower.tech\\\/es\\\/declaracion-de-privacidad\\\/#breadcrumb\"},\"inLanguage\":\"es\",\"potentialAction\":[{\"@type\":\"ReadAction\",\"target\":[\"https:\\\/\\\/flatpower.tech\\\/es\\\/declaracion-de-privacidad\\\/\"]}]},{\"@type\":\"BreadcrumbList\",\"@id\":\"https:\\\/\\\/flatpower.tech\\\/es\\\/declaracion-de-privacidad\\\/#breadcrumb\",\"itemListElement\":[{\"@type\":\"ListItem\",\"position\":1,\"name\":\"Home\",\"item\":\"https:\\\/\\\/flatpower.tech\\\/es\\\/flatpower\\\/\"},{\"@type\":\"ListItem\",\"position\":2,\"name\":\"Declaraci\u00f3n de privacidad\"}]},{\"@type\":\"WebSite\",\"@id\":\"https:\\\/\\\/flatpower.tech\\\/es\\\/#website\",\"url\":\"https:\\\/\\\/flatpower.tech\\\/es\\\/\",\"name\":\"FlatPower\",\"description\":\"Innovatie in Elektrisch Opladen\",\"publisher\":{\"@id\":\"https:\\\/\\\/flatpower.tech\\\/es\\\/#organization\"},\"potentialAction\":[{\"@type\":\"SearchAction\",\"target\":{\"@type\":\"EntryPoint\",\"urlTemplate\":\"https:\\\/\\\/flatpower.tech\\\/es\\\/?s={search_term_string}\"},\"query-input\":{\"@type\":\"PropertyValueSpecification\",\"valueRequired\":true,\"valueName\":\"search_term_string\"}}],\"inLanguage\":\"es\"},{\"@type\":\"Organization\",\"@id\":\"https:\\\/\\\/flatpower.tech\\\/es\\\/#organization\",\"name\":\"FlatPower\",\"url\":\"https:\\\/\\\/flatpower.tech\\\/es\\\/\",\"logo\":{\"@type\":\"ImageObject\",\"inLanguage\":\"es\",\"@id\":\"https:\\\/\\\/flatpower.tech\\\/es\\\/#\\\/schema\\\/logo\\\/image\\\/\",\"url\":\"https:\\\/\\\/flatpower.tech\\\/wp-content\\\/uploads\\\/2024\\\/03\\\/FlatPower-Logo-e1711374673710.png\",\"contentUrl\":\"https:\\\/\\\/flatpower.tech\\\/wp-content\\\/uploads\\\/2024\\\/03\\\/FlatPower-Logo-e1711374673710.png\",\"width\":200,\"height\":54,\"caption\":\"FlatPower\"},\"image\":{\"@id\":\"https:\\\/\\\/flatpower.tech\\\/es\\\/#\\\/schema\\\/logo\\\/image\\\/\"}}]}<\/script>\n<!-- \/ Yoast SEO plugin. -->","yoast_head_json":{"title":"Declaraci\u00f3n de privacidad - FlatPower","robots":{"index":"noindex","follow":"nofollow"},"og_locale":"es_ES","og_type":"article","og_title":"Declaraci\u00f3n de privacidad - FlatPower","og_description":"Declaraci\u00f3n de privacidad En esta declaraci\u00f3n de privacidad, Comerco B.V., propietario de la marca FlatPower\u00ae, explica la forma en que Comerco, como parte responsable, trata los datos personales. Comerco procesa todos los datos personales puestos a su disposici\u00f3n o recogidos por ella con el mayor cuidado posible. Declaraci\u00f3n de privacidad ES","og_url":"https:\/\/flatpower.tech\/es\/declaracion-de-privacidad\/","og_site_name":"FlatPower","article_modified_time":"2025-01-13T12:00:07+00:00","twitter_card":"summary_large_image","schema":{"@context":"https:\/\/schema.org","@graph":[{"@type":"WebPage","@id":"https:\/\/flatpower.tech\/es\/declaracion-de-privacidad\/","url":"https:\/\/flatpower.tech\/es\/declaracion-de-privacidad\/","name":"Declaraci\u00f3n de privacidad - FlatPower","isPartOf":{"@id":"https:\/\/flatpower.tech\/es\/#website"},"datePublished":"2024-03-06T13:14:35+00:00","dateModified":"2025-01-13T12:00:07+00:00","breadcrumb":{"@id":"https:\/\/flatpower.tech\/es\/declaracion-de-privacidad\/#breadcrumb"},"inLanguage":"es","potentialAction":[{"@type":"ReadAction","target":["https:\/\/flatpower.tech\/es\/declaracion-de-privacidad\/"]}]},{"@type":"BreadcrumbList","@id":"https:\/\/flatpower.tech\/es\/declaracion-de-privacidad\/#breadcrumb","itemListElement":[{"@type":"ListItem","position":1,"name":"Home","item":"https:\/\/flatpower.tech\/es\/flatpower\/"},{"@type":"ListItem","position":2,"name":"Declaraci\u00f3n de privacidad"}]},{"@type":"WebSite","@id":"https:\/\/flatpower.tech\/es\/#website","url":"https:\/\/flatpower.tech\/es\/","name":"FlatPower","description":"Innovatie in Elektrisch Opladen","publisher":{"@id":"https:\/\/flatpower.tech\/es\/#organization"},"potentialAction":[{"@type":"SearchAction","target":{"@type":"EntryPoint","urlTemplate":"https:\/\/flatpower.tech\/es\/?s={search_term_string}"},"query-input":{"@type":"PropertyValueSpecification","valueRequired":true,"valueName":"search_term_string"}}],"inLanguage":"es"},{"@type":"Organization","@id":"https:\/\/flatpower.tech\/es\/#organization","name":"FlatPower","url":"https:\/\/flatpower.tech\/es\/","logo":{"@type":"ImageObject","inLanguage":"es","@id":"https:\/\/flatpower.tech\/es\/#\/schema\/logo\/image\/","url":"https:\/\/flatpower.tech\/wp-content\/uploads\/2024\/03\/FlatPower-Logo-e1711374673710.png","contentUrl":"https:\/\/flatpower.tech\/wp-content\/uploads\/2024\/03\/FlatPower-Logo-e1711374673710.png","width":200,"height":54,"caption":"FlatPower"},"image":{"@id":"https:\/\/flatpower.tech\/es\/#\/schema\/logo\/image\/"}}]}},"_links":{"self":[{"href":"https:\/\/flatpower.tech\/es\/wp-json\/wp\/v2\/pages\/1793","targetHints":{"allow":["GET"]}}],"collection":[{"href":"https:\/\/flatpower.tech\/es\/wp-json\/wp\/v2\/pages"}],"about":[{"href":"https:\/\/flatpower.tech\/es\/wp-json\/wp\/v2\/types\/page"}],"author":[{"embeddable":true,"href":"https:\/\/flatpower.tech\/es\/wp-json\/wp\/v2\/users\/1"}],"replies":[{"embeddable":true,"href":"https:\/\/flatpower.tech\/es\/wp-json\/wp\/v2\/comments?post=1793"}],"version-history":[{"count":6,"href":"https:\/\/flatpower.tech\/es\/wp-json\/wp\/v2\/pages\/1793\/revisions"}],"predecessor-version":[{"id":2477,"href":"https:\/\/flatpower.tech\/es\/wp-json\/wp\/v2\/pages\/1793\/revisions\/2477"}],"wp:attachment":[{"href":"https:\/\/flatpower.tech\/es\/wp-json\/wp\/v2\/media?parent=1793"}],"wp:term":[{"taxonomy":"category","embeddable":true,"href":"https:\/\/flatpower.tech\/es\/wp-json\/wp\/v2\/categories?post=1793"},{"taxonomy":"post_tag","embeddable":true,"href":"https:\/\/flatpower.tech\/es\/wp-json\/wp\/v2\/tags?post=1793"}],"curies":[{"name":"wp","href":"https:\/\/api.w.org\/{rel}","templated":true}]}}