{"id":3823,"date":"2026-02-25T19:57:40","date_gmt":"2026-02-25T19:57:40","guid":{"rendered":"https:\/\/flatpower.tech\/?page_id=3823"},"modified":"2026-02-25T19:57:41","modified_gmt":"2026-02-25T19:57:41","slug":"que-es-flatpower-5","status":"publish","type":"page","link":"https:\/\/flatpower.tech\/es\/que-es-flatpower-5\/","title":{"rendered":"\u00bfQu\u00e9 es FlatPower?"},"content":{"rendered":"\t\t<div data-elementor-type=\"wp-page\" data-elementor-id=\"3823\" class=\"elementor elementor-3823\" data-elementor-post-type=\"page\">\n\t\t\t\t<div class=\"elementor-element elementor-element-162fb940 e-con-full e-flex e-con e-parent\" data-id=\"162fb940\" data-element_type=\"container\" data-e-type=\"container\" data-settings=\"{&quot;background_background&quot;:&quot;classic&quot;,&quot;motion_fx_motion_fx_scrolling&quot;:&quot;yes&quot;,&quot;motion_fx_devices&quot;:[&quot;desktop&quot;,&quot;tablet&quot;,&quot;mobile&quot;]}\">\n\t\t<div class=\"elementor-element elementor-element-375c359c e-con-full e-flex e-con e-child\" data-id=\"375c359c\" data-element_type=\"container\" data-e-type=\"container\">\n\t\t\t\t<\/div>\n\t\t<div class=\"elementor-element elementor-element-6f085d78 e-con-full e-flex e-con e-child\" data-id=\"6f085d78\" data-element_type=\"container\" data-e-type=\"container\">\n\t\t\t\t<div class=\"elementor-element elementor-element-52722a33 elementor-widget elementor-widget-heading\" data-id=\"52722a33\" data-element_type=\"widget\" data-e-type=\"widget\" data-widget_type=\"heading.default\">\n\t\t\t\t<div class=\"elementor-widget-container\">\n\t\t\t\t\t<h1 class=\"elementor-heading-title elementor-size-default\"><b> \u00bfQu\u00e9 es FlatPower?<\/h1>\t\t\t\t<\/div>\n\t\t\t\t<\/div>\n\t\t\t\t<div class=\"elementor-element elementor-element-3bd02b93 elementor-widget elementor-widget-text-editor\" data-id=\"3bd02b93\" data-element_type=\"widget\" data-e-type=\"widget\" data-widget_type=\"text-editor.default\">\n\t\t\t\t<div class=\"elementor-widget-container\">\n\t\t\t\t\t\t\t\t\t<p>Bienvenido a FlatPower, una innovaci\u00f3n para cargar de manera segura su coche el\u00e9ctrico a trav\u00e9s de la acera.<\/p>\n<p>Una idea nacida en 2021. Un emprendedor de Noordwijk se dio cuenta de un problema acuciante: muchos de los propietarios de veh\u00edculos el\u00e9ctricos nos enfrentamos al reto de cargar nuestros coches sin la comodidad de tener nuestra propia plaza de aparcamiento o entrada. La b\u00fasqueda de opciones de carga sostenibles y c\u00f3modas llev\u00f3 a soluciones creativas, pero a menudo inseguras, como cables sueltos que serpentean por las aceras, alfombras de cables, puentes o incluso felpudos.  <\/p>\t\t\t\t\t\t\t\t<\/div>\n\t\t\t\t<\/div>\n\t\t\t\t<\/div>\n\t\t\t\t<\/div>\n\t\t<div class=\"elementor-element elementor-element-1c81206 e-con-full e-flex e-con e-parent\" data-id=\"1c81206\" data-element_type=\"container\" data-e-type=\"container\" data-settings=\"{&quot;background_background&quot;:&quot;classic&quot;}\">\n\t\t<div class=\"elementor-element elementor-element-54baf47 e-con-full e-flex e-con e-child\" data-id=\"54baf47\" data-element_type=\"container\" data-e-type=\"container\">\n\t\t\t\t<div class=\"elementor-element elementor-element-f296d24 elementor-widget elementor-widget-image\" data-id=\"f296d24\" data-element_type=\"widget\" data-e-type=\"widget\" data-settings=\"{&quot;motion_fx_motion_fx_scrolling&quot;:&quot;yes&quot;,&quot;motion_fx_translateX_effect&quot;:&quot;yes&quot;,&quot;motion_fx_translateX_direction&quot;:&quot;negative&quot;,&quot;motion_fx_translateX_speed&quot;:{&quot;unit&quot;:&quot;px&quot;,&quot;size&quot;:10,&quot;sizes&quot;:[]},&quot;motion_fx_translateX_affectedRange&quot;:{&quot;unit&quot;:&quot;%&quot;,&quot;size&quot;:&quot;&quot;,&quot;sizes&quot;:{&quot;start&quot;:0,&quot;end&quot;:53}},&quot;motion_fx_devices&quot;:[&quot;desktop&quot;,&quot;tablet&quot;,&quot;mobile&quot;]}\" data-widget_type=\"image.default\">\n\t\t\t\t<div class=\"elementor-widget-container\">\n\t\t\t\t\t\t\t\t\t\t\t\t\t\t\t<img fetchpriority=\"high\" decoding=\"async\" width=\"800\" height=\"800\" src=\"https:\/\/flatpower.tech\/wp-content\/uploads\/2024\/03\/Kabel-links-1024x1024.webp\" class=\"attachment-large size-large wp-image-1286\" alt=\"\" srcset=\"https:\/\/flatpower.tech\/wp-content\/uploads\/2024\/03\/Kabel-links-1024x1024.webp 1024w, https:\/\/flatpower.tech\/wp-content\/uploads\/2024\/03\/Kabel-links-300x300.webp 300w, https:\/\/flatpower.tech\/wp-content\/uploads\/2024\/03\/Kabel-links-100x100.webp 100w, https:\/\/flatpower.tech\/wp-content\/uploads\/2024\/03\/Kabel-links-600x600.webp 600w, https:\/\/flatpower.tech\/wp-content\/uploads\/2024\/03\/Kabel-links-150x150.webp 150w, https:\/\/flatpower.tech\/wp-content\/uploads\/2024\/03\/Kabel-links-768x768.webp 768w, https:\/\/flatpower.tech\/wp-content\/uploads\/2024\/03\/Kabel-links.webp 1100w\" sizes=\"(max-width: 800px) 100vw, 800px\" \/>\t\t\t\t\t\t\t\t\t\t\t\t\t\t\t<\/div>\n\t\t\t\t<\/div>\n\t\t\t\t<\/div>\n\t\t<div class=\"elementor-element elementor-element-bff3d5e e-con-full e-flex e-con e-child\" data-id=\"bff3d5e\" data-element_type=\"container\" data-e-type=\"container\">\n\t\t\t\t<div class=\"elementor-element elementor-element-abfd230 elementor-widget elementor-widget-heading\" data-id=\"abfd230\" data-element_type=\"widget\" data-e-type=\"widget\" data-widget_type=\"heading.default\">\n\t\t\t\t<div class=\"elementor-widget-container\">\n\t\t\t\t\t<h1 class=\"elementor-heading-title elementor-size-default\"><br> <b>El nacimiento de FlatPower<\/h1>\t\t\t\t<\/div>\n\t\t\t\t<\/div>\n\t\t\t\t<div class=\"elementor-element elementor-element-a7d1f6f elementor-widget elementor-widget-text-editor\" data-id=\"a7d1f6f\" data-element_type=\"widget\" data-e-type=\"widget\" data-widget_type=\"text-editor.default\">\n\t\t\t\t<div class=\"elementor-widget-container\">\n\t\t\t\t\t\t\t\t\t<p>Este problema inspir\u00f3 la acci\u00f3n y dio lugar al nacimiento de FlatPower. El objetivo estaba claro: desarrollar un producto que permitiera a los propietarios de veh\u00edculos el\u00e9ctricos cargar su coche de forma sencilla y segura, aunque el cable de carga cruzara la acera. No s\u00f3lo permitir\u00eda aprovechar la electricidad para cargar a quienes no tuvieran entrada o plaza de aparcamiento, sino que tambi\u00e9n proporcionar\u00eda una soluci\u00f3n para reducir la dependencia de las estaciones de carga p\u00fablicas, a menudo caras y no siempre disponibles.  <\/p><p>Tras tres a\u00f1os de lluvia de ideas, desarrollo, pruebas, nuevos desarrollos y nuevas pruebas, el cable de carga FlatPower estar\u00e1 a tu disposici\u00f3n a partir de 2024. Desarrollado en Holanda y fabricado \u00edntegramente en la UE. <\/p>\t\t\t\t\t\t\t\t<\/div>\n\t\t\t\t<\/div>\n\t\t\t\t<div class=\"elementor-element elementor-element-e5ea89a elementor-widget elementor-widget-image\" data-id=\"e5ea89a\" data-element_type=\"widget\" data-e-type=\"widget\" data-settings=\"{&quot;motion_fx_motion_fx_scrolling&quot;:&quot;yes&quot;,&quot;motion_fx_translateX_effect&quot;:&quot;yes&quot;,&quot;motion_fx_translateX_speed&quot;:{&quot;unit&quot;:&quot;px&quot;,&quot;size&quot;:10,&quot;sizes&quot;:[]},&quot;motion_fx_translateX_affectedRange&quot;:{&quot;unit&quot;:&quot;%&quot;,&quot;size&quot;:&quot;&quot;,&quot;sizes&quot;:{&quot;start&quot;:0,&quot;end&quot;:52}},&quot;motion_fx_devices&quot;:[&quot;desktop&quot;,&quot;tablet&quot;,&quot;mobile&quot;]}\" data-widget_type=\"image.default\">\n\t\t\t\t<div class=\"elementor-widget-container\">\n\t\t\t\t\t\t\t\t\t\t\t\t\t\t\t<img decoding=\"async\" width=\"768\" height=\"768\" src=\"https:\/\/flatpower.tech\/wp-content\/uploads\/2024\/03\/Kabel-rechts-768x768.webp\" class=\"attachment-medium_large size-medium_large wp-image-1289\" alt=\"\" srcset=\"https:\/\/flatpower.tech\/wp-content\/uploads\/2024\/03\/Kabel-rechts-768x768.webp 768w, https:\/\/flatpower.tech\/wp-content\/uploads\/2024\/03\/Kabel-rechts-300x300.webp 300w, https:\/\/flatpower.tech\/wp-content\/uploads\/2024\/03\/Kabel-rechts-100x100.webp 100w, https:\/\/flatpower.tech\/wp-content\/uploads\/2024\/03\/Kabel-rechts-600x600.webp 600w, https:\/\/flatpower.tech\/wp-content\/uploads\/2024\/03\/Kabel-rechts-1024x1024.webp 1024w, https:\/\/flatpower.tech\/wp-content\/uploads\/2024\/03\/Kabel-rechts-150x150.webp 150w, https:\/\/flatpower.tech\/wp-content\/uploads\/2024\/03\/Kabel-rechts.webp 1100w\" sizes=\"(max-width: 768px) 100vw, 768px\" \/>\t\t\t\t\t\t\t\t\t\t\t\t\t\t\t<\/div>\n\t\t\t\t<\/div>\n\t\t\t\t<\/div>\n\t\t\t\t<\/div>\n\t\t<div class=\"elementor-element elementor-element-75975f7 e-flex e-con-boxed e-con e-parent\" data-id=\"75975f7\" data-element_type=\"container\" data-e-type=\"container\" data-settings=\"{&quot;background_background&quot;:&quot;classic&quot;}\">\n\t\t\t\t\t<div class=\"e-con-inner\">\n\t\t\t\t<div class=\"elementor-element elementor-element-ad6d4c9 elementor-widget elementor-widget-heading\" data-id=\"ad6d4c9\" data-element_type=\"widget\" data-e-type=\"widget\" data-widget_type=\"heading.default\">\n\t\t\t\t<div class=\"elementor-widget-container\">\n\t\t\t\t\t<h2 class=\"elementor-heading-title elementor-size-default\"><b>Un futuro m\u00e1s verde<\/h2>\t\t\t\t<\/div>\n\t\t\t\t<\/div>\n\t\t\t\t<div class=\"elementor-element elementor-element-1cc469a elementor-widget elementor-widget-text-editor\" data-id=\"1cc469a\" data-element_type=\"widget\" data-e-type=\"widget\" data-widget_type=\"text-editor.default\">\n\t\t\t\t<div class=\"elementor-widget-container\">\n\t\t\t\t\t\t\t\t\t<p>En FlatPower creemos que la innovaci\u00f3n es la clave para impulsar la movilidad el\u00e9ctrica y reducir la huella de carbono. Nuestra misi\u00f3n es proporcionar una experiencia de recarga fluida y sostenible para todo el mundo, independientemente de su situaci\u00f3n vital. <\/p>\t\t\t\t\t\t\t\t<\/div>\n\t\t\t\t<\/div>\n\t\t\t\t<div class=\"elementor-element elementor-element-b9e766f elementor-align-center elementor-widget elementor-widget-button\" data-id=\"b9e766f\" data-element_type=\"widget\" data-e-type=\"widget\" data-widget_type=\"button.default\">\n\t\t\t\t<div class=\"elementor-widget-container\">\n\t\t\t\t\t\t\t\t\t<div class=\"elementor-button-wrapper\">\n\t\t\t\t\t<a class=\"elementor-button elementor-button-link elementor-size-sm\" href=\"https:\/\/flatpower.tech\/es\/producto\/cable-de-carga-flatpower\/\">\n\t\t\t\t\t\t<span class=\"elementor-button-content-wrapper\">\n\t\t\t\t\t\t\t\t\t<span class=\"elementor-button-text\">PEDIR<\/span>\n\t\t\t\t\t<\/span>\n\t\t\t\t\t<\/a>\n\t\t\t\t<\/div>\n\t\t\t\t\t\t\t\t<\/div>\n\t\t\t\t<\/div>\n\t\t\t\t\t<\/div>\n\t\t\t\t<\/div>\n\t\t<div class=\"elementor-element elementor-element-efbe5b3 e-flex e-con-boxed e-con e-parent\" data-id=\"efbe5b3\" data-element_type=\"container\" data-e-type=\"container\" data-settings=\"{&quot;background_background&quot;:&quot;video&quot;,&quot;background_video_link&quot;:&quot;https:\\\/\\\/youtu.be\\\/RyxWsTxuWwk&quot;,&quot;background_privacy_mode&quot;:&quot;yes&quot;,&quot;background_play_on_mobile&quot;:&quot;yes&quot;}\">\n\t\t\t\t\t<div class=\"e-con-inner\">\n\t\t<div class=\"elementor-background-video-container\">\n\t\t\t\t\t\t\t<div class=\"elementor-background-video-embed\" role=\"presentation\"><\/div>\n\t\t\t\t\t\t<\/div>\t\t\t<\/div>\n\t\t\t\t<\/div>\n\t\t\t\t<\/div>\n\t\t","protected":false},"excerpt":{"rendered":"<p>\u00bfQu\u00e9 es FlatPower? Bienvenido a FlatPower, una innovaci\u00f3n para cargar de manera segura su coche el\u00e9ctrico a trav\u00e9s de la acera. Una idea nacida en 2021. Un emprendedor de Noordwijk se dio cuenta de un problema acuciante: muchos de los propietarios de veh\u00edculos el\u00e9ctricos nos enfrentamos al reto de cargar nuestros coches sin la comodidad [&hellip;]<\/p>\n","protected":false},"author":9,"featured_media":0,"parent":0,"menu_order":0,"comment_status":"closed","ping_status":"closed","template":"","meta":{"footnotes":""},"categories":[],"tags":[],"class_list":["post-3823","page","type-page","status-publish","hentry"],"yoast_head":"<!-- This site is optimized with the Yoast SEO plugin v27.3 - https:\/\/yoast.com\/product\/yoast-seo-wordpress\/ -->\n<title>\u00bfQu\u00e9 es FlatPower? - FlatPower<\/title>\n<meta name=\"robots\" content=\"index, follow, max-snippet:-1, max-image-preview:large, max-video-preview:-1\" \/>\n<link rel=\"canonical\" href=\"https:\/\/flatpower.tech\/es\/que-es-flatpower-5\/\" \/>\n<meta property=\"og:locale\" content=\"es_ES\" \/>\n<meta property=\"og:type\" content=\"article\" \/>\n<meta property=\"og:title\" content=\"\u00bfQu\u00e9 es FlatPower? - FlatPower\" \/>\n<meta property=\"og:description\" content=\"\u00bfQu\u00e9 es FlatPower? Bienvenido a FlatPower, una innovaci\u00f3n para cargar de manera segura su coche el\u00e9ctrico a trav\u00e9s de la acera. Una idea nacida en 2021. Un emprendedor de Noordwijk se dio cuenta de un problema acuciante: muchos de los propietarios de veh\u00edculos el\u00e9ctricos nos enfrentamos al reto de cargar nuestros coches sin la comodidad [&hellip;]\" \/>\n<meta property=\"og:url\" content=\"https:\/\/flatpower.tech\/es\/que-es-flatpower-5\/\" \/>\n<meta property=\"og:site_name\" content=\"FlatPower\" \/>\n<meta property=\"article:modified_time\" content=\"2026-02-25T19:57:41+00:00\" \/>\n<meta property=\"og:image\" content=\"https:\/\/flatpower.tech\/wp-content\/uploads\/2024\/03\/Kabel-links.webp\" \/>\n\t<meta property=\"og:image:width\" content=\"1100\" \/>\n\t<meta property=\"og:image:height\" content=\"1100\" \/>\n\t<meta property=\"og:image:type\" content=\"image\/webp\" \/>\n<meta name=\"twitter:card\" content=\"summary_large_image\" \/>\n<meta name=\"twitter:label1\" content=\"Tiempo de lectura\" \/>\n\t<meta name=\"twitter:data1\" content=\"1 minuto\" \/>\n<script type=\"application\/ld+json\" class=\"yoast-schema-graph\">{\"@context\":\"https:\\\/\\\/schema.org\",\"@graph\":[{\"@type\":\"WebPage\",\"@id\":\"https:\\\/\\\/flatpower.tech\\\/es\\\/que-es-flatpower-5\\\/\",\"url\":\"https:\\\/\\\/flatpower.tech\\\/es\\\/que-es-flatpower-5\\\/\",\"name\":\"\u00bfQu\u00e9 es FlatPower? - FlatPower\",\"isPartOf\":{\"@id\":\"https:\\\/\\\/flatpower.tech\\\/es\\\/#website\"},\"primaryImageOfPage\":{\"@id\":\"https:\\\/\\\/flatpower.tech\\\/es\\\/que-es-flatpower-5\\\/#primaryimage\"},\"image\":{\"@id\":\"https:\\\/\\\/flatpower.tech\\\/es\\\/que-es-flatpower-5\\\/#primaryimage\"},\"thumbnailUrl\":\"https:\\\/\\\/flatpower.tech\\\/wp-content\\\/uploads\\\/2024\\\/03\\\/Kabel-links-1024x1024.webp\",\"datePublished\":\"2026-02-25T19:57:40+00:00\",\"dateModified\":\"2026-02-25T19:57:41+00:00\",\"breadcrumb\":{\"@id\":\"https:\\\/\\\/flatpower.tech\\\/es\\\/que-es-flatpower-5\\\/#breadcrumb\"},\"inLanguage\":\"es\",\"potentialAction\":[{\"@type\":\"ReadAction\",\"target\":[\"https:\\\/\\\/flatpower.tech\\\/es\\\/que-es-flatpower-5\\\/\"]}]},{\"@type\":\"ImageObject\",\"inLanguage\":\"es\",\"@id\":\"https:\\\/\\\/flatpower.tech\\\/es\\\/que-es-flatpower-5\\\/#primaryimage\",\"url\":\"https:\\\/\\\/flatpower.tech\\\/wp-content\\\/uploads\\\/2024\\\/03\\\/Kabel-links-1024x1024.webp\",\"contentUrl\":\"https:\\\/\\\/flatpower.tech\\\/wp-content\\\/uploads\\\/2024\\\/03\\\/Kabel-links-1024x1024.webp\"},{\"@type\":\"BreadcrumbList\",\"@id\":\"https:\\\/\\\/flatpower.tech\\\/es\\\/que-es-flatpower-5\\\/#breadcrumb\",\"itemListElement\":[{\"@type\":\"ListItem\",\"position\":1,\"name\":\"Home\",\"item\":\"https:\\\/\\\/flatpower.tech\\\/es\\\/flatpower\\\/\"},{\"@type\":\"ListItem\",\"position\":2,\"name\":\"\u00bfQu\u00e9 es FlatPower?\"}]},{\"@type\":\"WebSite\",\"@id\":\"https:\\\/\\\/flatpower.tech\\\/es\\\/#website\",\"url\":\"https:\\\/\\\/flatpower.tech\\\/es\\\/\",\"name\":\"FlatPower\",\"description\":\"Innovatie in Elektrisch Opladen\",\"publisher\":{\"@id\":\"https:\\\/\\\/flatpower.tech\\\/es\\\/#organization\"},\"potentialAction\":[{\"@type\":\"SearchAction\",\"target\":{\"@type\":\"EntryPoint\",\"urlTemplate\":\"https:\\\/\\\/flatpower.tech\\\/es\\\/?s={search_term_string}\"},\"query-input\":{\"@type\":\"PropertyValueSpecification\",\"valueRequired\":true,\"valueName\":\"search_term_string\"}}],\"inLanguage\":\"es\"},{\"@type\":\"Organization\",\"@id\":\"https:\\\/\\\/flatpower.tech\\\/es\\\/#organization\",\"name\":\"FlatPower\",\"url\":\"https:\\\/\\\/flatpower.tech\\\/es\\\/\",\"logo\":{\"@type\":\"ImageObject\",\"inLanguage\":\"es\",\"@id\":\"https:\\\/\\\/flatpower.tech\\\/es\\\/#\\\/schema\\\/logo\\\/image\\\/\",\"url\":\"https:\\\/\\\/flatpower.tech\\\/wp-content\\\/uploads\\\/2024\\\/03\\\/FlatPower-Logo-e1711374673710.png\",\"contentUrl\":\"https:\\\/\\\/flatpower.tech\\\/wp-content\\\/uploads\\\/2024\\\/03\\\/FlatPower-Logo-e1711374673710.png\",\"width\":200,\"height\":54,\"caption\":\"FlatPower\"},\"image\":{\"@id\":\"https:\\\/\\\/flatpower.tech\\\/es\\\/#\\\/schema\\\/logo\\\/image\\\/\"}}]}<\/script>\n<!-- \/ Yoast SEO plugin. -->","yoast_head_json":{"title":"\u00bfQu\u00e9 es FlatPower? - FlatPower","robots":{"index":"index","follow":"follow","max-snippet":"max-snippet:-1","max-image-preview":"max-image-preview:large","max-video-preview":"max-video-preview:-1"},"canonical":"https:\/\/flatpower.tech\/es\/que-es-flatpower-5\/","og_locale":"es_ES","og_type":"article","og_title":"\u00bfQu\u00e9 es FlatPower? - FlatPower","og_description":"\u00bfQu\u00e9 es FlatPower? Bienvenido a FlatPower, una innovaci\u00f3n para cargar de manera segura su coche el\u00e9ctrico a trav\u00e9s de la acera. Una idea nacida en 2021. Un emprendedor de Noordwijk se dio cuenta de un problema acuciante: muchos de los propietarios de veh\u00edculos el\u00e9ctricos nos enfrentamos al reto de cargar nuestros coches sin la comodidad [&hellip;]","og_url":"https:\/\/flatpower.tech\/es\/que-es-flatpower-5\/","og_site_name":"FlatPower","article_modified_time":"2026-02-25T19:57:41+00:00","og_image":[{"width":1100,"height":1100,"url":"https:\/\/flatpower.tech\/wp-content\/uploads\/2024\/03\/Kabel-links.webp","type":"image\/webp"}],"twitter_card":"summary_large_image","twitter_misc":{"Tiempo de lectura":"1 minuto"},"schema":{"@context":"https:\/\/schema.org","@graph":[{"@type":"WebPage","@id":"https:\/\/flatpower.tech\/es\/que-es-flatpower-5\/","url":"https:\/\/flatpower.tech\/es\/que-es-flatpower-5\/","name":"\u00bfQu\u00e9 es FlatPower? - FlatPower","isPartOf":{"@id":"https:\/\/flatpower.tech\/es\/#website"},"primaryImageOfPage":{"@id":"https:\/\/flatpower.tech\/es\/que-es-flatpower-5\/#primaryimage"},"image":{"@id":"https:\/\/flatpower.tech\/es\/que-es-flatpower-5\/#primaryimage"},"thumbnailUrl":"https:\/\/flatpower.tech\/wp-content\/uploads\/2024\/03\/Kabel-links-1024x1024.webp","datePublished":"2026-02-25T19:57:40+00:00","dateModified":"2026-02-25T19:57:41+00:00","breadcrumb":{"@id":"https:\/\/flatpower.tech\/es\/que-es-flatpower-5\/#breadcrumb"},"inLanguage":"es","potentialAction":[{"@type":"ReadAction","target":["https:\/\/flatpower.tech\/es\/que-es-flatpower-5\/"]}]},{"@type":"ImageObject","inLanguage":"es","@id":"https:\/\/flatpower.tech\/es\/que-es-flatpower-5\/#primaryimage","url":"https:\/\/flatpower.tech\/wp-content\/uploads\/2024\/03\/Kabel-links-1024x1024.webp","contentUrl":"https:\/\/flatpower.tech\/wp-content\/uploads\/2024\/03\/Kabel-links-1024x1024.webp"},{"@type":"BreadcrumbList","@id":"https:\/\/flatpower.tech\/es\/que-es-flatpower-5\/#breadcrumb","itemListElement":[{"@type":"ListItem","position":1,"name":"Home","item":"https:\/\/flatpower.tech\/es\/flatpower\/"},{"@type":"ListItem","position":2,"name":"\u00bfQu\u00e9 es FlatPower?"}]},{"@type":"WebSite","@id":"https:\/\/flatpower.tech\/es\/#website","url":"https:\/\/flatpower.tech\/es\/","name":"FlatPower","description":"Innovatie in Elektrisch Opladen","publisher":{"@id":"https:\/\/flatpower.tech\/es\/#organization"},"potentialAction":[{"@type":"SearchAction","target":{"@type":"EntryPoint","urlTemplate":"https:\/\/flatpower.tech\/es\/?s={search_term_string}"},"query-input":{"@type":"PropertyValueSpecification","valueRequired":true,"valueName":"search_term_string"}}],"inLanguage":"es"},{"@type":"Organization","@id":"https:\/\/flatpower.tech\/es\/#organization","name":"FlatPower","url":"https:\/\/flatpower.tech\/es\/","logo":{"@type":"ImageObject","inLanguage":"es","@id":"https:\/\/flatpower.tech\/es\/#\/schema\/logo\/image\/","url":"https:\/\/flatpower.tech\/wp-content\/uploads\/2024\/03\/FlatPower-Logo-e1711374673710.png","contentUrl":"https:\/\/flatpower.tech\/wp-content\/uploads\/2024\/03\/FlatPower-Logo-e1711374673710.png","width":200,"height":54,"caption":"FlatPower"},"image":{"@id":"https:\/\/flatpower.tech\/es\/#\/schema\/logo\/image\/"}}]}},"_links":{"self":[{"href":"https:\/\/flatpower.tech\/es\/wp-json\/wp\/v2\/pages\/3823","targetHints":{"allow":["GET"]}}],"collection":[{"href":"https:\/\/flatpower.tech\/es\/wp-json\/wp\/v2\/pages"}],"about":[{"href":"https:\/\/flatpower.tech\/es\/wp-json\/wp\/v2\/types\/page"}],"author":[{"embeddable":true,"href":"https:\/\/flatpower.tech\/es\/wp-json\/wp\/v2\/users\/9"}],"replies":[{"embeddable":true,"href":"https:\/\/flatpower.tech\/es\/wp-json\/wp\/v2\/comments?post=3823"}],"version-history":[{"count":1,"href":"https:\/\/flatpower.tech\/es\/wp-json\/wp\/v2\/pages\/3823\/revisions"}],"predecessor-version":[{"id":3825,"href":"https:\/\/flatpower.tech\/es\/wp-json\/wp\/v2\/pages\/3823\/revisions\/3825"}],"wp:attachment":[{"href":"https:\/\/flatpower.tech\/es\/wp-json\/wp\/v2\/media?parent=3823"}],"wp:term":[{"taxonomy":"category","embeddable":true,"href":"https:\/\/flatpower.tech\/es\/wp-json\/wp\/v2\/categories?post=3823"},{"taxonomy":"post_tag","embeddable":true,"href":"https:\/\/flatpower.tech\/es\/wp-json\/wp\/v2\/tags?post=3823"}],"curies":[{"name":"wp","href":"https:\/\/api.w.org\/{rel}","templated":true}]}}